{"id":1388,"date":"2025-08-26T13:44:17","date_gmt":"2025-08-26T11:44:17","guid":{"rendered":"https:\/\/engage.nubedev.es\/politica-de-cookies\/"},"modified":"2025-11-10T13:41:34","modified_gmt":"2025-11-10T12:41:34","slug":"politica-de-cookies","status":"publish","type":"page","link":"https:\/\/engage-mh.com\/pt-pt\/politica-de-cookies\/","title":{"rendered":"Pol\u00edtica de Cookies"},"content":{"rendered":"\n<h3 class=\"wp-block-heading\"><strong>1. O QUE S\u00c3O COOKIES?<\/strong><\/h3>\n\n\n\n<p>A <strong>DG Invest Hospitality, S.L.<\/strong> e a <strong>IPIH Espagne, S.L.<\/strong> s\u00e3o respons\u00e1veis pelo site <a href=\"http:\/\/www.engage-mh.com\">http:\/\/www.engage-mh.com<\/a> e utilizam cookies e\/ou outros ficheiros de funcionalidade semelhante (doravante, \u201cCookies\u201d).<\/p>\n\n\n\n<p>Um cookie \u00e9 um ficheiro de texto que um site, aplica\u00e7\u00e3o ou outra plataforma guarda no teu dispositivo, como o teu computador, tablet ou smartphone. Cont\u00e9m informa\u00e7\u00f5es sobre a tua navega\u00e7\u00e3o ou utiliza\u00e7\u00e3o, funcionando como uma etiqueta que identifica o teu dispositivo.<br>As cookies s\u00e3o necess\u00e1rias para facilitar a navega\u00e7\u00e3o e compreender como os utilizadores interagem com os sites, o que permite realizar melhorias. Tamb\u00e9m s\u00e3o \u00fateis para personalizar a publicidade de acordo com as tuas prefer\u00eancias e para outras finalidades detalhadas mais adiante.<br>As cookies n\u00e3o danificam o teu dispositivo.<\/p>\n\n\n\n<h3 class=\"wp-block-heading\"><strong>2. TIPOLOGIA DE COOKIES<\/strong><\/h3>\n\n\n\n<p>Por favor, rev\u00ea esta sec\u00e7\u00e3o, que fornece uma descri\u00e7\u00e3o geral dos diferentes tipos de cookies que podem ser utilizados num ambiente online.<\/p>\n\n\n\n<p><strong>De acordo com o propriet\u00e1rio das cookies<\/strong>, estas podem ser classificadas em:<\/p>\n\n\n\n<ul class=\"wp-block-list\">\n<li><strong>Cookies pr\u00f3prias:<\/strong> S\u00e3o enviadas para o computador ou dispositivo do utilizador a partir do equipamento ou dom\u00ednio gerido pelo pr\u00f3prio editor, que fornece o site ou servi\u00e7o solicitado pelo utilizador.<\/li>\n\n\n\n<li><strong>Cookies de terceiros:<\/strong> S\u00e3o enviadas para o computador ou dispositivo do utilizador a partir de um equipamento ou dom\u00ednio que n\u00e3o \u00e9 gerido pelo editor, mas por outra entidade que processa os dados obtidos atrav\u00e9s das cookies.<\/li>\n<\/ul>\n\n\n\n<p><strong>Em fun\u00e7\u00e3o da finalidade das cookies<\/strong>, estas podem ser classificadas em:<\/p>\n\n\n\n<ul class=\"wp-block-list\">\n<li><strong>Cookies estritamente necess\u00e1rias (t\u00e9cnicas):<\/strong> Permitem ao utilizador navegar por um site, plataforma ou aplica\u00e7\u00e3o e utilizar as diferentes op\u00e7\u00f5es ou servi\u00e7os oferecidos. Estas cookies desempenham fun\u00e7\u00f5es essenciais, como controlar o tr\u00e1fego, identificar dados ou sess\u00f5es, aceder a \u00e1reas restritas, recordar itens de um pedido, gerir pagamentos, garantir a seguran\u00e7a do servi\u00e7o, permitir a participa\u00e7\u00e3o em eventos, armazenar conte\u00fados multim\u00e9dia e partilhar conte\u00fado em redes sociais.<br>Estas cookies t\u00e9cnicas s\u00e3o descarregadas automaticamente quando o site \u00e9 mostrado ou o servi\u00e7o solicitado \u00e9 fornecido.<\/li>\n\n\n\n<li><strong>Cookies de funcionalidade ou personaliza\u00e7\u00e3o:<\/strong> Permitem recordar informa\u00e7\u00f5es para fornecer ao utilizador um servi\u00e7o ou plataforma com caracter\u00edsticas espec\u00edficas que diferenciam a sua experi\u00eancia da de outros utilizadores.<br>Essas caracter\u00edsticas podem incluir o idioma, o n\u00famero de resultados apresentados numa pesquisa, o aspeto ou conte\u00fado do servi\u00e7o em fun\u00e7\u00e3o do navegador utilizado ou da regi\u00e3o de acesso, entre outros.<br>A n\u00e3o aceita\u00e7\u00e3o destas cookies pode resultar num desempenho mais lento do site ou em recomenda\u00e7\u00f5es inadequadas.<\/li>\n\n\n\n<li><strong>Cookies de an\u00e1lise:<\/strong> S\u00e3o utilizadas para recolher informa\u00e7\u00f5es sobre o n\u00famero de utilizadores, as sec\u00e7\u00f5es visitadas no site e a intera\u00e7\u00e3o com o mesmo. Estes dados servem para realizar uma an\u00e1lise estat\u00edstica da utiliza\u00e7\u00e3o do servi\u00e7o, com o objetivo de identificar \u00e1reas de melhoria com base nos padr\u00f5es de uso.<\/li>\n\n\n\n<li><strong>Cookies de publicidade comportamental:<\/strong> Registam e armazenam informa\u00e7\u00f5es sobre os h\u00e1bitos de navega\u00e7\u00e3o dos utilizadores, permitindo a cria\u00e7\u00e3o de perfis espec\u00edficos para apresentar an\u00fancios personalizados. Estas cookies possibilitam uma gest\u00e3o eficiente dos espa\u00e7os publicit\u00e1rios inclu\u00eddos pelo editor, quer diretamente quer em colabora\u00e7\u00e3o com terceiros.<\/li>\n<\/ul>\n\n\n\n<p><strong>3. FINALIDADE DAS COOKIES NO NOSSO SITE<\/strong><\/p>\n\n\n\n<p>As cookies desempenham um papel fundamental no funcionamento do nosso site. O seu principal objetivo \u00e9 permitir uma navega\u00e7\u00e3o mais c\u00f3moda e eficiente. Por exemplo, s\u00e3o utilizadas para recordar as tuas prefer\u00eancias durante a navega\u00e7\u00e3o e em visitas futuras.<\/p>\n\n\n\n<p>Tamb\u00e9m nos ajudam a personalizar a publicidade de acordo com os teus h\u00e1bitos de navega\u00e7\u00e3o. As informa\u00e7\u00f5es recolhidas atrav\u00e9s das cookies permitem-nos realizar estimativas estat\u00edsticas e an\u00e1lises de utiliza\u00e7\u00e3o, como o n\u00famero de visitas e as sec\u00e7\u00f5es mais consultadas. Isto permite-nos melhorar os nossos servi\u00e7os e adaptar a plataforma aos teus interesses individuais.<\/p>\n\n\n\n<p>Em algumas ocasi\u00f5es, utilizamos cookies para recolher informa\u00e7\u00f5es que nos permitem mostrar publicidade baseada nos teus h\u00e1bitos de navega\u00e7\u00e3o na nossa plataforma e em plataformas de terceiros.<\/p>\n\n\n\n<p>De seguida, detalham-se os terceiros que podem configurar e aceder \u00e0s cookies no teu dispositivo, bem como as finalidades para as quais utilizam as informa\u00e7\u00f5es armazenadas:<\/p>\n\n\n\n<figure class=\"wp-block-table\"><table class=\"has-fixed-layout\"><tbody><tr><td><strong><strong>FINALIDADE<\/strong><\/strong><\/td><td><strong><strong>TERCEIRO<\/strong><\/strong><\/td><td><strong><strong>MAIS INFORMA\u00c7\u00c3O<\/strong><\/strong><\/td><\/tr><tr><td>An\u00e1lise: As cookies anal\u00edticas s\u00e3o utilizadas para elaborar perfis de navega\u00e7\u00e3o e conhecer as prefer\u00eancias dos utilizadores, com o objetivo de melhorar a oferta de produtos e servi\u00e7os. <\/td><td>Google<\/td><td><a href=\"https:\/\/developers.google.com\/analytics\/devguides\/collection\/analyticsjs\/cookie-usage\" target=\"_blank\" rel=\"noreferrer noopener\">Clique aqui<\/a><\/td><\/tr><tr><td>Redes sociais: As redes sociais com as quais interagimos no nosso site utilizam cookies nos seus bot\u00f5es de partilha. N\u00e3o temos qualquer interven\u00e7\u00e3o, controlo ou acesso aos resultados \u2014 s\u00e3o da responsabilidade de cada rede social.<br>Quando o utilizador se regista num servi\u00e7o com credenciais de uma rede social, autoriza essa rede a guardar uma cookie persistente que recorda a sua identidade e garante o acesso aos servi\u00e7os at\u00e9 que expire. O utilizador pode apagar esta cookie e revogar o acesso aos servi\u00e7os atrav\u00e9s da atualiza\u00e7\u00e3o das prefer\u00eancias na respetiva rede social.<\/td><td>Facebook Connect<\/td><td><a href=\"https:\/\/www.facebook.com\/about\/privacy\" target=\"_blank\" rel=\"noopener\">Clique aqui<\/a><\/td><\/tr><\/tbody><\/table><\/figure>\n\n\n\n<p><\/p>\n\n\n\n<h3 class=\"wp-block-heading\"><strong>4. GEST\u00c3O DE COOKIES NO NOSSO SITE<\/strong><\/h3>\n\n\n\n<p>No painel de configura\u00e7\u00e3o de cookies, ao qual podes aceder a qualquer momento na nossa plataforma, encontrar\u00e1s informa\u00e7\u00f5es detalhadas sobre as cookies que utilizamos. Nele, especifica-se a sua finalidade, dura\u00e7\u00e3o e quem as gere (n\u00f3s ou terceiros).<br>Este painel permite-te gerir a ativa\u00e7\u00e3o e desativa\u00e7\u00e3o das cookies que n\u00e3o s\u00e3o estritamente necess\u00e1rias para o funcionamento da plataforma, al\u00e9m de poderes alterar o teu consentimento a qualquer momento.<\/p>\n\n\n\n<p>Podes aceder \u00e0 configura\u00e7\u00e3o clicando aqui, para alterar as tuas prefer\u00eancias ou retirar o teu consentimento (ativar link).<\/p>\n\n\n\n<p>Por outro lado, tamb\u00e9m tens a op\u00e7\u00e3o de desativar o uso de cookies no teu navegador enquanto navegas na Internet. Abaixo mostramos como realizar esta configura\u00e7\u00e3o nos navegadores mais comuns:<\/p>\n\n\n\n<p>Google Chrome<br>Mozilla Firefox<br>Internet Explorer<br>Microsoft Edge<br>Safari<br>Opera<\/p>\n\n\n\n<p>Podes exercer esta op\u00e7\u00e3o de evitar o uso de cookies a qualquer momento. Tem em conta que a gest\u00e3o do painel de configura\u00e7\u00e3o de cookies e a op\u00e7\u00e3o de rejeit\u00e1-las s\u00e3o espec\u00edficas para cada navegador que utilizas.<\/p>\n\n\n\n<p>Por conseguinte, se configurares as cookies de uma determinada forma num dispositivo e quiseres que essa op\u00e7\u00e3o se aplique de forma semelhante noutro, dever\u00e1s ativar a mesma configura\u00e7\u00e3o nesse outro dispositivo.<\/p>\n\n\n\n<p>O utilizador deve ter em conta que algumas funcionalidades do conte\u00fado do nosso site s\u00f3 est\u00e3o dispon\u00edveis se for permitida a instala\u00e7\u00e3o de cookies no navegador. Caso decidas n\u00e3o aceitar ou bloquear determinadas cookies (dependendo da sua finalidade), tal pode afetar, total ou parcialmente, o funcionamento normal do site ou impedir o acesso a alguns servi\u00e7os do mesmo.<\/p>\n\n\n\n<h3 class=\"wp-block-heading\"><strong>5. UTILIZA\u00c7\u00c3O DAS INFORMA\u00c7\u00d5ES ARMAZENADAS NAS COOKIES<\/strong><\/h3>\n\n\n\n<p>As informa\u00e7\u00f5es armazenadas nas cookies do nosso site s\u00e3o utilizadas apenas por n\u00f3s. No entanto, algumas cookies de terceiros, geridas por entidades externas, podem ser utilizadas para nos fornecer servi\u00e7os adicionais. Para mais detalhes, consulta o nosso painel de configura\u00e7\u00e3o de cookies, acess\u00edvel em qualquer momento no nosso site.<\/p>\n\n\n\n<p>Sugerimos que consultes a nossa Pol\u00edtica de Privacidade no site para obter informa\u00e7\u00f5es detalhadas sobre o tratamento dos teus dados pessoais na nossa colabora\u00e7\u00e3o com terceiros, bem como sobre as transfer\u00eancias internacionais de dados.<br>Al\u00e9m disso, recomendamos que consultes as pol\u00edticas de privacidade e as configura\u00e7\u00f5es de privacidade desses parceiros externos nas respetivas plataformas.<\/p>\n\n\n\n<h3 class=\"wp-block-heading\"><strong>6. ATUALIZA\u00c7\u00d5ES E ALTERA\u00c7\u00d5ES \u00c0 POL\u00cdTICA DE COOKIES<\/strong><\/h3>\n\n\n\n<p>A <strong>DG Invest Hospitality, S.L.<\/strong> e a <strong>IPIH Espagne, S.L.<\/strong> podem modificar esta Pol\u00edtica de Cookies em fun\u00e7\u00e3o de novas exig\u00eancias legislativas, regulamentares, ou para adaptar a pol\u00edtica \u00e0s instru\u00e7\u00f5es emitidas pela Ag\u00eancia Espanhola de Prote\u00e7\u00e3o de Dados.<\/p>\n\n\n\n<p>Se desejares mais informa\u00e7\u00f5es sobre o uso que fazemos das cookies, podes enviar-nos um e-mail para: <strong><a>engage@engage-mh.com<\/a><\/strong><\/p>\n","protected":false},"excerpt":{"rendered":"<p>1. O QUE S\u00c3O COOKIES? A DG Invest Hospitality, S.L. e a IPIH Espagne, S.L. s\u00e3o respons\u00e1veis pelo site http:\/\/www.engage-mh.com e utilizam cookies e\/ou outros ficheiros de funcionalidade semelhante (doravante, \u201cCookies\u201d). Um cookie \u00e9 um ficheiro de texto que um site, aplica\u00e7\u00e3o ou outra plataforma guarda no teu dispositivo, como o teu computador, tablet ou &hellip; <a href=\"https:\/\/engage-mh.com\/pt-pt\/politica-de-cookies\/\">Continued<\/a><\/p>\n","protected":false},"author":1,"featured_media":1385,"parent":0,"menu_order":0,"comment_status":"closed","ping_status":"closed","template":"template-custom.blade.php","meta":{"_acf_changed":false,"inline_featured_image":false,"footnotes":""},"class_list":["post-1388","page","type-page","status-publish","has-post-thumbnail","hentry"],"acf":[],"_links":{"self":[{"href":"https:\/\/engage-mh.com\/pt-pt\/wp-json\/wp\/v2\/pages\/1388","targetHints":{"allow":["GET"]}}],"collection":[{"href":"https:\/\/engage-mh.com\/pt-pt\/wp-json\/wp\/v2\/pages"}],"about":[{"href":"https:\/\/engage-mh.com\/pt-pt\/wp-json\/wp\/v2\/types\/page"}],"author":[{"embeddable":true,"href":"https:\/\/engage-mh.com\/pt-pt\/wp-json\/wp\/v2\/users\/1"}],"replies":[{"embeddable":true,"href":"https:\/\/engage-mh.com\/pt-pt\/wp-json\/wp\/v2\/comments?post=1388"}],"version-history":[{"count":1,"href":"https:\/\/engage-mh.com\/pt-pt\/wp-json\/wp\/v2\/pages\/1388\/revisions"}],"predecessor-version":[{"id":1417,"href":"https:\/\/engage-mh.com\/pt-pt\/wp-json\/wp\/v2\/pages\/1388\/revisions\/1417"}],"wp:featuredmedia":[{"embeddable":true,"href":"https:\/\/engage-mh.com\/pt-pt\/wp-json\/wp\/v2\/media\/1385"}],"wp:attachment":[{"href":"https:\/\/engage-mh.com\/pt-pt\/wp-json\/wp\/v2\/media?parent=1388"}],"curies":[{"name":"wp","href":"https:\/\/api.w.org\/{rel}","templated":true}]}}