{"id":1384,"date":"2025-08-26T11:42:38","date_gmt":"2025-08-26T09:42:38","guid":{"rendered":"https:\/\/engage.nubedev.es\/politica-de-privacidad\/"},"modified":"2025-11-10T13:42:05","modified_gmt":"2025-11-10T12:42:05","slug":"politica-de-privacidad","status":"publish","type":"page","link":"https:\/\/engage-mh.com\/pt-pt\/politica-de-privacidad\/","title":{"rendered":"Pol\u00edtica de Privacidade"},"content":{"rendered":"\n<p>Website <a href=\"http:\/\/www.engage-mh.com\">http:\/\/www.engage-mh.com<\/a>, incluindo qualquer informa\u00e7\u00e3o que nos possa fornecer atrav\u00e9s do site quando nos fornece os seus dados atrav\u00e9s do formul\u00e1rio habilitado para esse fim.<\/p>\n\n\n\n<p>Ao fornecer-nos os seus dados, informamos que os nossos servi\u00e7os n\u00e3o s\u00e3o poss\u00edveis para aquelas pessoas a quem a regulamenta\u00e7\u00e3o impede prestar consentimento, pelo que, ao enviar-nos os formul\u00e1rios, garante-nos que tem capacidade suficiente para conceder consentimento.<\/p>\n\n\n\n<p>De seguida, informamos sobre a pol\u00edtica de prote\u00e7\u00e3o de dados de: <strong>DG Invest Hospitality, S.L.<\/strong> e <strong>IPIH Espagne, S.L.<\/strong><\/p>\n\n\n\n<h3 class=\"wp-block-heading\">1. Respons\u00e1vel pelo tratamento<\/h3>\n\n\n\n<p><strong>Dados de contacto do respons\u00e1vel:<\/strong><\/p>\n\n\n\n<p>DG Invest Hospitality, S.L. e IPIH Espagne, S.L., com NIF: B09801119 \/ B55134704 e domic\u00edlio em: Calle Albasanz n\u00ba 63, 28037 Madrid \/ Cl. Can Gordi n\u00ba 1, 08403 Granollers, Barcelona, e telefone: 977742712.<br>Email: <a>engage@engage-mh.com<\/a><\/p>\n\n\n\n<p>Registo Comercial de Madrid T 3370, F 101, S 8, H GI 70084, I\/A 1 (22.03.22)<br>Registo Comercial de Barcelona T 2868, F 29, S 8, H GI 53565, I\/A 1 (5.04.12)<\/p>\n\n\n\n<p>DG Invest Hospitality, S.L. e IPIH Espagne, S.L. s\u00e3o os respons\u00e1veis pelos seus dados (doravante \u201cn\u00f3s\u201d ou \u201cnosso\u201d).<\/p>\n\n\n\n<h3 class=\"wp-block-heading\">2. Que dados recolhemos?<\/h3>\n\n\n\n<p>O Regulamento Geral de Prote\u00e7\u00e3o de Dados define os dados pessoais como toda a informa\u00e7\u00e3o sobre uma pessoa singular identificada ou identific\u00e1vel, ou seja, qualquer informa\u00e7\u00e3o capaz de identificar uma pessoa. Isto n\u00e3o incluiria dados an\u00f3nimos ou percentuais.<\/p>\n\n\n\n<p>Os dados de car\u00e1cter pessoal que possam ser recolhidos diretamente do titular ser\u00e3o tratados de forma confidencial e incorporados nas correspondentes atividades de tratamento, da titularidade de DG Invest Hospitality, S.L. e IPIH Espagne, S.L.<\/p>\n\n\n\n<p>No nosso website podemos processar certos tipos de dados pessoais, que poder\u00e3o incluir:<\/p>\n\n\n\n<ul class=\"wp-block-list\">\n<li><strong>Dados de identidade:<\/strong> nome.<\/li>\n\n\n\n<li><strong>Dados de contacto:<\/strong> email e telefone.<\/li>\n<\/ul>\n\n\n\n<p>N\u00e3o recolhemos quaisquer dados relativos a categorias especiais de dados pessoais (aqueles que revelem a sua origem \u00e9tnica ou racial, opini\u00f5es pol\u00edticas, convic\u00e7\u00f5es religiosas ou filos\u00f3ficas, filia\u00e7\u00e3o sindical, informa\u00e7\u00e3o sobre a sua sa\u00fade, dados gen\u00e9ticos ou biom\u00e9tricos).<\/p>\n\n\n\n<p>Caso lhe seja solicitado fornecer dados pessoais por obriga\u00e7\u00e3o legal ou nos termos de um contrato entre n\u00f3s e se recuse a fornec\u00ea-los, \u00e9 poss\u00edvel que n\u00e3o possamos realizar esse contrato ou prestar o servi\u00e7o, devendo comunicar-nos tal situa\u00e7\u00e3o previamente.<\/p>\n\n\n\n<h3 class=\"wp-block-heading\">3. Como recolhemos os seus dados pessoais?<\/h3>\n\n\n\n<p>Os meios que utilizamos para recolher dados pessoais s\u00e3o:<\/p>\n\n\n\n<ul class=\"wp-block-list\">\n<li><strong>Atrav\u00e9s do formul\u00e1rio<\/strong> do nosso website, atrav\u00e9s do nosso email de contacto, por telefone ou correio postal, quando:\n<ul class=\"wp-block-list\">\n<li>Solicita informa\u00e7\u00f5es sobre os nossos servi\u00e7os;<\/li>\n\n\n\n<li>Contrata a presta\u00e7\u00e3o dos nossos servi\u00e7os;<\/li>\n\n\n\n<li>Solicita or\u00e7amentos.<\/li>\n<\/ul>\n<\/li>\n\n\n\n<li><strong>Atrav\u00e9s de tecnologia ou intera\u00e7\u00f5es automatizadas:<\/strong> no nosso site podemos recolher automaticamente dados t\u00e9cnicos sobre o seu equipamento, a\u00e7\u00f5es de navega\u00e7\u00e3o e padr\u00f5es de uso. Estes dados s\u00e3o recolhidos atrav\u00e9s de cookies ou tecnologias semelhantes. Se quiser ampliar a informa\u00e7\u00e3o, pode consultar a nossa <strong>pol\u00edtica de cookies aqui<\/strong> (ligar).<\/li>\n\n\n\n<li><strong>Atrav\u00e9s de terceiros:<\/strong>\n<ul class=\"wp-block-list\">\n<li><strong>Google:<\/strong> dados anal\u00edticos ou dados de pesquisa. Fora da Uni\u00e3o Europeia.<\/li>\n<\/ul>\n<\/li>\n<\/ul>\n\n\n\n<h3 class=\"wp-block-heading\">4. Finalidade e legitimidade para a utiliza\u00e7\u00e3o dos seus dados<\/h3>\n\n\n\n<p>Os usos mais comuns dos seus dados pessoais s\u00e3o:<\/p>\n\n\n\n<ul class=\"wp-block-list\">\n<li>Para a formaliza\u00e7\u00e3o de um contrato entre DG Invest Hospitality, S.L., IPIH Espagne, S.L. e o utilizador;<\/li>\n\n\n\n<li>Quando presta o seu consentimento para o tratamento dos seus dados;<\/li>\n\n\n\n<li>Quando necessitamos de cumprir uma obriga\u00e7\u00e3o legal ou regulamentar;<\/li>\n\n\n\n<li>Quando seja necess\u00e1rio para o nosso interesse leg\u00edtimo ou o de um terceiro.<\/li>\n<\/ul>\n\n\n\n<p>O utilizador poder\u00e1 revogar o consentimento prestado em qualquer momento, enviando um email para <a>engage@engage-mh.com<\/a> ou consultando a sec\u00e7\u00e3o de exerc\u00edcio de direitos mais adiante.<\/p>\n\n\n\n<p>De seguida, apresentamos uma tabela onde pode consultar as formas como iremos utilizar os seus dados pessoais e a legitimidade para a sua utiliza\u00e7\u00e3o, al\u00e9m de saber que tipo de dados pessoais iremos tratar. Podemos processar alguns dados pessoais por outro motivo legal adicional; se necessitar de mais detalhes, pode enviar um email para <a>engage@engage-mh.com<\/a>.<\/p>\n\n\n\n<figure class=\"wp-block-table\"><table class=\"has-fixed-layout\"><thead><tr><th>Formul\u00e1rio<\/th><th>Finalidade<\/th><th>Tipo de dados<\/th><th>Legitimidade para o tratamento<\/th><\/tr><\/thead><tbody><tr><td>Contacto<\/td><td>A finalidade \u00e9 a gest\u00e3o de contactos e pedidos de informa\u00e7\u00e3o recebidos via web<\/td><td>Nome, Email, Telefone<\/td><td>Consentimento do titular (art. 6.1.a RGPD)<br>Medidas pr\u00e9-contratuais (art. 6.1.b RGPD)<br>Tratamento necess\u00e1rio para a satisfa\u00e7\u00e3o de interesses leg\u00edtimos prosseguidos pelo respons\u00e1vel pelo tratamento (art. 6.1.f RGPD)<\/td><\/tr><\/tbody><\/table><\/figure>\n\n\n\n<p><strong>Finalidade:<\/strong> apenas utilizaremos os seus dados para as finalidades para as quais foram recolhidos, a menos que consideremos razoavelmente que devemos utiliz\u00e1-los para outro motivo, notificando-o previamente para que esteja informado do motivo legal do seu processamento e sempre que a finalidade seja compat\u00edvel com o prop\u00f3sito original.<\/p>\n\n\n\n<h3 class=\"wp-block-heading\">5. Durante quanto tempo conservaremos os seus dados?<\/h3>\n\n\n\n<p>Os dados ser\u00e3o conservados durante o tempo necess\u00e1rio para cumprir a finalidade para a qual foram recolhidos e para determinar as poss\u00edveis responsabilidades que possam derivar dessa finalidade e do tratamento dos dados. Ser\u00e1 aplic\u00e1vel o disposto nas diferentes normativas relativamente ao prazo de conserva\u00e7\u00e3o, naquilo que seja aplic\u00e1vel ao presente tratamento.<\/p>\n\n\n\n<h3 class=\"wp-block-heading\">6. Menores de idade<\/h3>\n\n\n\n<p>A DG Invest Hospitality, S.L. e a IPIH Espagne, S.L. <strong>n\u00e3o autorizam menores de 14 anos<\/strong> a facultar os seus dados pessoais atrav\u00e9s dos meios dispon\u00edveis neste website (preenchimento dos formul\u00e1rios web para solicita\u00e7\u00e3o de servi\u00e7os, contacto ou atrav\u00e9s do envio de correios eletr\u00f3nicos).<br>Por conseguinte, as pessoas que facultem dados pessoais utilizando tais meios declaram formalmente ser <strong>maiores de 14 anos<\/strong>, ficando a DG Invest Hospitality, S.L. e a IPIH Espagne, S.L. isentas de qualquer responsabilidade pelo incumprimento deste requisito.<\/p>\n\n\n\n<p>Se o seu filho\/a, menor do limite de idade estabelecido, tiver fornecido informa\u00e7\u00e3o pessoal \u00e0 DG Invest Hospitality, S.L. e \u00e0 IPIH Espagne, S.L., entre em contacto connosco para solicitar o exerc\u00edcio dos direitos aplic\u00e1veis.<\/p>\n\n\n\n<p>Nos casos em que os servi\u00e7os oferecidos pela DG Invest Hospitality, S.L. e pela IPIH Espagne, S.L. se destinem a menores de 14 anos, ser\u00e3o disponibilizados os meios adequados para obter a <strong>autoriza\u00e7\u00e3o dos pais ou tutores legais<\/strong> do menor.<\/p>\n\n\n\n<h3 class=\"wp-block-heading\">7. Exerc\u00edcio dos Direitos de Prote\u00e7\u00e3o de Dados<\/h3>\n\n\n\n<p><strong>Como exercer esses direitos?<\/strong><br>Os utilizadores poder\u00e3o dirigir uma comunica\u00e7\u00e3o ao domic\u00edlio social da DG Invest Hospitality, S.L. e da IPIH Espagne, S.L. ou para o endere\u00e7o de correio eletr\u00f3nico <a>engage@engage-mh.com<\/a>, incluindo em ambos os casos uma c\u00f3pia do seu Cart\u00e3o de Cidad\u00e3o ou outro documento de identifica\u00e7\u00e3o similar, para solicitar o exerc\u00edcio dos seguintes direitos:<\/p>\n\n\n\n<ul class=\"wp-block-list\">\n<li><strong>Acesso<\/strong> aos seus dados pessoais: poder\u00e1 perguntar \u00e0 DG Invest Hospitality, S.L. e \u00e0 IPIH Espagne, S.L. se est\u00e3o a utilizar os seus dados pessoais.<\/li>\n\n\n\n<li><strong>Retifica\u00e7\u00e3o<\/strong>, caso n\u00e3o estejam corretos, ou exercer o <strong>direito ao esquecimento<\/strong> relativamente aos mesmos.<\/li>\n\n\n\n<li><strong>Limita\u00e7\u00e3o do tratamento:<\/strong> neste caso, os dados apenas ser\u00e3o conservados pela DG Invest Hospitality, S.L. e pela IPIH Espagne, S.L. para o exerc\u00edcio ou defesa de reclama\u00e7\u00f5es.<\/li>\n\n\n\n<li><strong>Oposi\u00e7\u00e3o ao tratamento:<\/strong> a DG Invest Hospitality, S.L. e a IPIH Espagne, S.L. deixar\u00e3o de tratar os dados na forma indicada, salvo por motivos leg\u00edtimos ou para o exerc\u00edcio ou defesa de poss\u00edveis reclama\u00e7\u00f5es, caso em que o tratamento poder\u00e1 continuar.<\/li>\n\n\n\n<li><strong>Portabilidade dos dados:<\/strong> caso deseje que os seus dados sejam tratados por outra entidade, a DG Invest Hospitality, S.L. e a IPIH Espagne, S.L. facilitar\u00e3o a portabilidade dos seus dados ao novo respons\u00e1vel.<\/li>\n<\/ul>\n\n\n\n<p>Poder\u00e1 utilizar os <strong>modelos disponibilizados pela Ag\u00eancia Espanhola de Prote\u00e7\u00e3o de Dados (AEPD)<\/strong> para exercer os direitos acima mencionados: [Aqui].<\/p>\n\n\n\n<p><strong>Reclama\u00e7\u00e3o perante a AEPD:<\/strong> se considerar que existe algum problema com a forma como a DG Invest Hospitality, S.L. e a IPIH Espagne, S.L. est\u00e3o a tratar os seus dados, poder\u00e1 dirigir a sua reclama\u00e7\u00e3o \u00e0 autoridade de controlo competente, sendo em Espanha a <strong>Ag\u00eancia Espanhola de Prote\u00e7\u00e3o de Dados (AEPD).<\/strong><\/p>\n\n\n\n<p>Solicitaremos informa\u00e7\u00f5es espec\u00edficas para nos ajudar a confirmar a sua identidade e garantir o seu direito de aceder aos seus dados pessoais (ou exercer qualquer outro dos direitos acima mencionados).<br>Esta \u00e9 uma medida de seguran\u00e7a para assegurar que os dados pessoais n\u00e3o sejam revelados a nenhuma pessoa que n\u00e3o tenha direito a receb\u00ea-los.<\/p>\n\n\n\n<p>Todas as solicita\u00e7\u00f5es ser\u00e3o resolvidas dentro do <strong>prazo legal de um m\u00eas<\/strong>. No entanto, poder\u00e1 demorar mais de um m\u00eas se o seu pedido for particularmente complexo. Nesse caso, notific\u00e1-lo-emos e manteremos atualizado.<\/p>\n\n\n\n<h3 class=\"wp-block-heading\">8. Comunica\u00e7\u00e3o de dados: presta\u00e7\u00e3o de servi\u00e7os<\/h3>\n\n\n\n<p>\u00c9 poss\u00edvel que, no desempenho do nosso trabalho, necessitemos da ajuda de terceiros que apenas tratar\u00e3o os dados para prestar o servi\u00e7o contratado, dispondo n\u00f3s das medidas adequadas para garantir os seus direitos:<\/p>\n\n\n\n<ul class=\"wp-block-list\">\n<li><strong>Prestadores de servi\u00e7os<\/strong> que fornecem servi\u00e7os de administra\u00e7\u00e3o de sistemas e tecnologia da informa\u00e7\u00e3o.<\/li>\n\n\n\n<li><strong>Consultores profissionais<\/strong>, incluindo advogados, auditores e seguradoras que prestam servi\u00e7os de consultoria banc\u00e1ria, jur\u00eddica, de seguros e de contabilidade.<\/li>\n<\/ul>\n\n\n\n<p>Todos os <strong>subcontratantes<\/strong> a quem transferimos os seus dados respeitar\u00e3o a seguran\u00e7a dos dados pessoais e trat\u00e1-los-\u00e3o em conformidade com o RGPD.<\/p>\n\n\n\n<p>Apenas permitimos que tais subcontratantes tratem os dados para fins determinados e de acordo com as nossas instru\u00e7\u00f5es.<br>No entanto, pode solicitar-nos, em cumprimento do princ\u00edpio da transpar\u00eancia, uma <strong>lista das empresas<\/strong> que nos prestam servi\u00e7os. Pode faz\u00ea-lo atrav\u00e9s do email: <a>engage@engage-mh.com<\/a>.<\/p>\n\n\n\n<h3 class=\"wp-block-heading\">9. Seguran\u00e7a dos Dados<\/h3>\n\n\n\n<p>Implement\u00e1mos medidas de seguran\u00e7a adequadas para evitar que os seus dados pessoais se percam acidentalmente, sejam utilizados ou acedidos de forma n\u00e3o autorizada, modificados ou divulgados.<br>Al\u00e9m disso, limitamos o acesso aos seus dados pessoais a empregados, agentes, contratantes e outros terceiros que tenham necessidade comercial leg\u00edtima de conhecer tais dados. Estes apenas tratar\u00e3o os seus dados pessoais segundo as nossas instru\u00e7\u00f5es e estar\u00e3o sujeitos a um <strong>dever de confidencialidade<\/strong>.<\/p>\n\n\n\n<p>Implement\u00e1mos procedimentos para lidar com qualquer suspeita de viola\u00e7\u00e3o dos seus dados pessoais e notific\u00e1-lo-emos, bem como \u00e0 <strong>Autoridade de Controlo<\/strong>, caso tal ocorra, conforme regulado nos artigos <strong>33 e 34 do RGPD<\/strong>, relativos a uma viola\u00e7\u00e3o de seguran\u00e7a.<\/p>\n","protected":false},"excerpt":{"rendered":"<p>Website http:\/\/www.engage-mh.com, incluindo qualquer informa\u00e7\u00e3o que nos possa fornecer atrav\u00e9s do site quando nos fornece os seus dados atrav\u00e9s do formul\u00e1rio habilitado para esse fim. Ao fornecer-nos os seus dados, informamos que os nossos servi\u00e7os n\u00e3o s\u00e3o poss\u00edveis para aquelas pessoas a quem a regulamenta\u00e7\u00e3o impede prestar consentimento, pelo que, ao enviar-nos os formul\u00e1rios, garante-nos &hellip; <a href=\"https:\/\/engage-mh.com\/pt-pt\/politica-de-privacidad\/\">Continued<\/a><\/p>\n","protected":false},"author":1,"featured_media":1385,"parent":0,"menu_order":0,"comment_status":"closed","ping_status":"closed","template":"template-custom.blade.php","meta":{"_acf_changed":false,"inline_featured_image":false,"footnotes":""},"class_list":["post-1384","page","type-page","status-publish","has-post-thumbnail","hentry"],"acf":[],"_links":{"self":[{"href":"https:\/\/engage-mh.com\/pt-pt\/wp-json\/wp\/v2\/pages\/1384","targetHints":{"allow":["GET"]}}],"collection":[{"href":"https:\/\/engage-mh.com\/pt-pt\/wp-json\/wp\/v2\/pages"}],"about":[{"href":"https:\/\/engage-mh.com\/pt-pt\/wp-json\/wp\/v2\/types\/page"}],"author":[{"embeddable":true,"href":"https:\/\/engage-mh.com\/pt-pt\/wp-json\/wp\/v2\/users\/1"}],"replies":[{"embeddable":true,"href":"https:\/\/engage-mh.com\/pt-pt\/wp-json\/wp\/v2\/comments?post=1384"}],"version-history":[{"count":2,"href":"https:\/\/engage-mh.com\/pt-pt\/wp-json\/wp\/v2\/pages\/1384\/revisions"}],"predecessor-version":[{"id":1415,"href":"https:\/\/engage-mh.com\/pt-pt\/wp-json\/wp\/v2\/pages\/1384\/revisions\/1415"}],"wp:featuredmedia":[{"embeddable":true,"href":"https:\/\/engage-mh.com\/pt-pt\/wp-json\/wp\/v2\/media\/1385"}],"wp:attachment":[{"href":"https:\/\/engage-mh.com\/pt-pt\/wp-json\/wp\/v2\/media?parent=1384"}],"curies":[{"name":"wp","href":"https:\/\/api.w.org\/{rel}","templated":true}]}}