{"id":1361,"date":"2025-08-27T13:59:34","date_gmt":"2025-08-27T11:59:34","guid":{"rendered":"https:\/\/engage.nubedev.es\/rsc\/"},"modified":"2025-11-10T13:44:46","modified_gmt":"2025-11-10T12:44:46","slug":"rsc","status":"publish","type":"page","link":"https:\/\/engage-mh.com\/pt-pt\/rsc\/","title":{"rendered":"RSC"},"content":{"rendered":"<section class=\"w-full flex flex-col relative justify-center min-h-[70vh]\">\n  <div class=\"swiper-hero w-full overflow-hidden h-[70vh]\">\n    <div class=\"swiper-wrapper w-full\">\n               <div class=\"swiper-slide\">\n          <div class=\"bg-black\/20 w-full h-full absolute inset-0 z-10\"><\/div>\n          <img decoding=\"async\" src=\"https:\/\/engage-mh.com\/wp-content\/uploads\/2025\/08\/greet-alicante-copia-02.webp\" alt=\"\"\n          class=\"absolute inset-0 w-full h-full object-cover object-center\"> \n        <\/div>\n            <\/div>\n  <\/div>\n  <div class=\"absolute z-20 inset-0 flex flex-col items-center justify-center\">\n\n    \n          <h1 class=\"text-center text-3xl lg:text-4xl xl:text-5xl 2xl:text-6xl font-louis mb-4 text-white px-5 sombra\">\n          <p>Responsabilidade Social Corporativa<\/p>\n\n      <\/h1>\n    \n        \n    \n    \n    \n  <\/div>\n<\/section>\n\n\n<section class=\"container mx-auto pt-10 lg:pt-20 2xl:px-0 px-5 sm:px-10 overflow-hidden flex flex-col items-center justify-center gap-5 font-sans fadeIn\">\n  \n  \n    <div class=\"text-lg lg:text-xl xl:text-2xl text-center font-louis text-foreground xl:leading-10 lg:w-4\/5  text-center\"><p><strong>O nosso Compromisso <\/strong>com a sustentabilidade<\/p>\n<\/div>\n  \n    <div class=\"mt-4 font-light text-sm lg:text-base text-foreground w-full   w-full lg:w-4\/5  text-center\"><p><b>Na Engage Management Hospitality,<\/b> <b>a responsabilidade <\/b><b>social corporativa<\/b><b> \u00e9 parte essencial da<\/b> <b>nossa identidade.<\/b><\/p>\n<p>&nbsp;<\/p>\n<p>Promovemos uma hotelaria respeitosa com o planeta, as pessoas e os territ\u00f3rios, com iniciativas que geram valor para as nossas equipes, clientes e comunidades. Sabemos que a mudan\u00e7a leva tempo, mas avan\u00e7amos com determina\u00e7\u00e3o e compromisso. <\/p>\n<p>&nbsp;<\/p>\n<p>A nossa estrat\u00e9gia de RSC estrutura-se em <strong>3 pilares essenciais<\/strong> que orientam o nosso impacto.<br \/>\nAo integr\u00e1-los em todas as nossas opera\u00e7\u00f5es, garantimos a cria\u00e7\u00e3o de valor sustent\u00e1vel e refor\u00e7amos o nosso compromisso com uma hospitalidade respons\u00e1vel.<\/p>\n<\/div>\n  \n  <\/section><section class=\"container mx-auto pt-10 lg:pt-20 2xl:px-0 px-5 sm:px-10 overflow-hidden flex gap-8 sm:gap-10 xl:gap-20 zonaFall flex-col lg:flex-row items-stretch\">\n\n\n  <div class=\"w-full lg:w-2\/5 flex itemFall \">\n    <img decoding=\"async\" src=\"https:\/\/engage-mh.com\/wp-content\/uploads\/2025\/10\/sos2.jpg\" class=\"w-full max-h-[350px] lg:max-h-none object-cover\" alt=\"\">\n  <\/div>\n\n\n  <div class=\"w-full lg:w-3\/5 flex flex-col gap-5 font-sans itemFall justify-center text-start lg:items-start\">\n    \n    \n          <h2 class=\"uppercase text-2xl lg:text-3xl xl:text-5xl font-louis text-secondary titulo-mixto-orange text-center lg:text-start\"><p> <strong>1. Agir com<\/strong><br \/>\nresponsabilidade corporativa<\/p>\n<\/h2>\n    \n          <div class=\"mt-4 font-light text-sm lg:text-base text-foreground w-full sm:px-0 px-5 listable text-justify\">\n        <p>Na Engage Management Hospitality, acreditamos que um futuro mais respons\u00e1vel come\u00e7a com as decis\u00f5es que tomamos todos os dias. Por isso, a RSC est\u00e1 no cora\u00e7\u00e3o de tudo o que fazemos. Para levar adiante a nossa ambi\u00e7\u00e3o ambiental, contamos com o apoio da equipe central da Accor, que nos orienta e acompanha em cada etapa do caminho. No terreno, as nossas \u201cEquipes Verdes\u201d mobilizam os nossos hot\u00e9is, restaurantes e centros de bem-estar.   <\/p>\n<p>&nbsp;<\/p>\n<p>\u00c9 um esfor\u00e7o coletivo, sincero e comprometido, impulsionado por todos e para todos.<\/p>\n<p>&nbsp;<\/p>\n<ul>\n<li>Estabelecemos altos padr\u00f5es de governan\u00e7a enquanto cultivamos rela\u00e7\u00f5es s\u00f3lidas com os nossos investidores.<\/li>\n<li>Garantimos o cumprimento normativo e promovemos uma conduta \u00e9tica e transparente em todas as nossas opera\u00e7\u00f5es: estamos comprometidos com a integridade, o cumprimento legal e os mais altos padr\u00f5es \u00e9ticos.<\/li>\n<li>A nossa Carta de \u00c9tica, juntamente com pol\u00edticas como o C\u00f3digo Anticorrup\u00e7\u00e3o e a Pol\u00edtica de Presentes, estabelece um marco claro para uma conduta respons\u00e1vel.<\/li>\n<li>Invertimos de forma responsable, incorporando criterios RSC en cada decisi\u00f3n de inversi\u00f3n.<\/li>\n<li>Gerimos a nossa cadeia de fornecimento reduzindo riscos de RSC e promovendo boas pr\u00e1ticas em toda a cadeia de valor: exigimos que os nossos fornecedores cumpram as leis em mat\u00e9ria de direitos humanos, trabalho, seguran\u00e7a, meio ambiente e \u00e9tica empresarial. Com processos de aquisi\u00e7\u00e3o rigorosos e uma governan\u00e7a firme, asseguramos o cumprimento e a melhoria cont\u00ednua em RSC. <\/li>\n<\/ul>\n<p>&nbsp;<\/p>\n\n      <\/div>\n    \n                  <a href=\"\/contacto\/\" target=\"\" class=\"mx-auto lg:mx-0 !w-fit bg-primary hover:bg-secondary py-2 px-6 text-white font-louis !no-underline flex flex-row items-center gap-2 boton-tlf hover:-translate-y-1 transition-all duration-300 ease-in-out\">\n          <span class=\"text-sm uppercase text-center\">Desenvolvimento de um projeto hoteleiro<\/span>\n        <\/a>\n          \n  <\/div>\n\n\n<\/section>\n<section class=\"container mx-auto pt-10 lg:pt-20 2xl:px-0 px-5 sm:px-10 overflow-hidden flex gap-8 sm:gap-10 xl:gap-20 zonaFall flex-col lg:flex-row-reverse items-stretch\">\n\n\n  <div class=\"w-full lg:w-2\/5 flex itemFall \">\n    <img decoding=\"async\" src=\"https:\/\/engage-mh.com\/wp-content\/uploads\/2025\/10\/sos4.jpg\" class=\"w-full max-h-[350px] lg:max-h-none object-cover\" alt=\"\">\n  <\/div>\n\n\n  <div class=\"w-full lg:w-3\/5 flex flex-col gap-5 font-sans itemFall justify-center text-start lg:items-start\">\n    \n    \n          <h2 class=\"uppercase text-2xl lg:text-3xl xl:text-5xl font-louis text-secondary titulo-mixto-orange text-center lg:text-start\"><p><strong>2.Respeitar as<\/strong><br \/>\npessoas e o ambiente<\/p>\n<\/h2>\n    \n          <div class=\"mt-4 font-light text-sm lg:text-base text-foreground w-full sm:px-0 px-5 listable text-justify\">\n        <p>En EMH, la responsabilidad social comienza por cuidar a quienes hacen posible nuestra actividad: nuestros empleados.<\/p>\n<p>Apostamos em oferecer condi\u00e7\u00f5es de trabalho de qualidade e trajet\u00f3rias profissionais atrativas, o que nos permite fidelizar o talento em cada um dos nossos estabelecimentos.<\/p>\n<p>&nbsp;<\/p>\n<ul>\n<li>Promovemos um ambiente de trabalho diverso, inclusivo e seguro, onde o talento possa desenvolver-se, o bem-estar seja uma prioridade e a cultura de RSC esteja plenamente integrada.<\/li>\n<li>Impulsionamos a a\u00e7\u00e3o clim\u00e1tica mediante a redu\u00e7\u00e3o da pegada de carbono, a adapta\u00e7\u00e3o \u00e0s mudan\u00e7as clim\u00e1ticas, a economia circular e a prote\u00e7\u00e3o da biodiversidade.<\/li>\n<\/ul>\n\n      <\/div>\n    \n    \n  <\/div>\n\n\n<\/section>\n<section class=\"container mx-auto pt-10 lg:pt-20 2xl:px-0 px-5 sm:px-10 overflow-hidden flex gap-8 sm:gap-10 xl:gap-20 zonaFall flex-col lg:flex-row items-stretch\">\n\n <div class=\"w-full lg:w-1\/3 flex flex-col items-center justify-center aspect-square max-h-[300px] lg:max-h-none itemFall\">\n          <img decoding=\"async\" src=\"https:\/\/engage-mh.com\/wp-content\/uploads\/2025\/10\/sos5.jpg\" class=\"w-full h-full object-cover\" alt=\"\">\n      <\/div>\n\n  <div  class=\"\n    w-full lg:w-2\/3 flex flex-col gap-5 font-sans itemFall text-start items-center justify-center sm:items-start sm:text-start \">\n      \n      \n              <div class=\"mt-4 gap-2 text-col font-light text-sm lg:text-base text-foreground w-full sm:px-0 px-5 listable text-justify\"><h3 style=\"color: #f98512 !important;\"><strong>A nossa orienta\u00e7\u00e3o:<\/strong> para uma hospitalidade com baixa emiss\u00e3o de carbono<\/h3>\n<p>&nbsp;<\/p>\n<h3><strong>Redu\u00e7\u00e3o de carbono<\/strong><\/h3>\n<p>&nbsp;<\/p>\n<p>Em 2024, os nossos objetivos s\u00e3o validados pela iniciativa Science Based Targets (SBTi). A nossa estrat\u00e9gia est\u00e1 estruturada em torno de tr\u00eas pilares-chave: <\/p>\n<p>&nbsp;<\/p>\n<ul>\n<li>A capacita\u00e7\u00e3o das nossas equipes,<\/li>\n<li>A melhoria da efici\u00eancia energ\u00e9tica dos nossos edif\u00edcios,<\/li>\n<li>O aumento do uso de energias renov\u00e1veis e a descarboniza\u00e7\u00e3o da nossa cadeia de fornecimento.<\/li>\n<\/ul>\n<p>&nbsp;<\/p>\n<p>Esses eixos permitem-nos impulsionar um modelo de hospitalidade mais sustent\u00e1vel e com baixas emiss\u00f5es.<\/p>\n<p>&nbsp;<\/p>\n<p><strong>O nosso compromisso clim\u00e1tico:<\/strong> reduzir em<strong> 50% as emiss\u00f5es de Escopo 1 e 2<\/strong>, e em<strong> 28% as de Escopo 3<\/strong> at\u00e9 2030, tomando como refer\u00eancia o ano base de 2019.<\/p>\n<p>&nbsp;<\/p>\n<h3><strong>Certifica\u00e7\u00f5es ambientais<\/strong><\/h3>\n<p>&nbsp;<\/p>\n<p>&nbsp;<\/p>\n<p>Para garantir um alto desempenho ambiental, trabalhamos para obter a certifica\u00e7\u00e3o <strong>Breeam-in-use <\/strong>nas nossas pr\u00f3ximas constru\u00e7\u00f5es.<\/p>\n<p>&nbsp;<\/p>\n<p>Al\u00e9m disso, <strong>82% dos nossos hot\u00e9is encontram-se certificados com o selo Green Key<\/strong>. Este r\u00f3tulo ecol\u00f3gico internacional reconhece a excel\u00eancia em sustentabilidade em 13 \u00e1reas-chave. Mais do que uma simples certifica\u00e7\u00e3o, o <strong>Green Key impulsiona a melhoria cont\u00ednua<\/strong>, motivando as nossas equipes a inovar e refor\u00e7ar o seu impacto positivo em mat\u00e9ria de RSC ano ap\u00f3s ano. <\/p>\n<\/div>\n      \n      \n      \n        <\/div>\n  \n\n<\/section><section class=\"container mx-auto pt-10 lg:pt-20 2xl:px-0 px-5 sm:px-10 overflow-hidden flex gap-8 sm:gap-10 xl:gap-20 zonaFall flex-col lg:flex-row-reverse items-stretch\">\n\n <div class=\"w-full lg:w-1\/3 flex flex-col items-center justify-center aspect-square max-h-[300px] lg:max-h-none itemFall\">\n          <img decoding=\"async\" src=\"https:\/\/engage-mh.com\/wp-content\/uploads\/2025\/09\/greet-alicante-010-small.webp\" class=\"w-full h-full object-cover\" alt=\"\">\n      <\/div>\n\n  <div  class=\"\n    w-full lg:w-2\/3 flex flex-col gap-5 font-sans itemFall text-start items-center justify-center sm:items-start sm:text-start \">\n      \n              <h2 class=\"uppercase text-2xl lg:text-3xl xl:text-5xl font-louis text-secondary titulo-mixto-orange text-center items-center justify-center sm:items-start sm:text-start \"><p><strong>3. Compromisso com a comunidade<\/strong><br \/>\ne o meio ambiente<\/p>\n<\/h2>\n      \n              <div class=\"mt-4 gap-2 text-col font-light text-sm lg:text-base text-foreground w-full sm:px-0 px-5 listable text-justify\"><h3>Elevamos a experi\u00eancia sustent\u00e1vel dos h\u00f3spedes atrav\u00e9s da aten\u00e7\u00e3o, do conforto, da inova\u00e7\u00e3o e da acessibilidade.<\/h3>\n<p>&nbsp;<\/p>\n<p>Acreditamos que a experi\u00eancia dos h\u00f3spedes deve ser, ao mesmo tempo, excecional e sustent\u00e1vel. A nossa Pol\u00edtica de Experi\u00eancia Sustent\u00e1vel garante conforto, acessibilidade, bem-estar e gastronomia respons\u00e1vel. <\/p>\n<p>&nbsp;<\/p>\n<p>Com o apoio da certifica\u00e7\u00e3o Green Key, impulsionamos melhorias cont\u00ednuas e padr\u00f5es ambientais e sociais de alto n\u00edvel. Assim, incorporamos a sustentabilidade em cada estadia e constru\u00edmos uma experi\u00eancia hoteleira mais respons\u00e1vel. <\/p>\n<p>&nbsp;<\/p>\n<h3>Geramos impacto social atrav\u00e9s do emprego local, da participa\u00e7\u00e3o comunit\u00e1ria e da cria\u00e7\u00e3o de espa\u00e7os hoteleiros vers\u00e1teis que agregam valor tanto aos h\u00f3spedes quanto \u00e0s comunidades vizinhas.<\/h3>\n<p>&nbsp;<\/p>\n<p>A hospitalidade da EMH estende-se para al\u00e9m dos nossos hot\u00e9is. Apoiamo-nos no emprego local, promovemos projetos comunit\u00e1rios e desenhamos espa\u00e7os vers\u00e1teis que geram impacto positivo. <\/p>\n<p>&nbsp;<\/p>\n<p>As nossas equipes participam ativamente em voluntariado e colabora\u00e7\u00f5es locais, fortalecendo os la\u00e7os sociais. Com iniciativas inovadoras, os hot\u00e9is impulsionam mudan\u00e7as sustent\u00e1veis e contribuem para comunidades mais fortes e inclusivas. <\/p>\n<\/div>\n      \n      \n      \n        <\/div>\n  \n\n<\/section><section class=\"container mx-auto pt-10 lg:pt-20 2xl:px-0 px-5 sm:px-10 overflow-hidden flex gap-8 sm:gap-10 xl:gap-20 zonaFall flex-col lg:flex-row items-stretch\">\n\n <div class=\"w-full lg:w-1\/3 flex flex-col items-center justify-center aspect-square max-h-[300px] lg:max-h-none itemFall\">\n          <img decoding=\"async\" src=\"https:\/\/engage-mh.com\/wp-content\/uploads\/2025\/08\/ibis-budget-Oviedo-bar.webp\" class=\"w-full h-full object-cover\" alt=\"\">\n      <\/div>\n\n  <div  class=\"\n    w-full lg:w-2\/3 flex flex-col gap-5 font-sans itemFall text-start items-center justify-center sm:items-start sm:text-start \">\n      \n      \n              <div class=\"mt-4 gap-2 text-col font-light text-sm lg:text-base text-foreground w-full sm:px-0 px-5 listable text-justify\"><h3 style=\"color: #f98512 !important;\"><strong>PRINCIPAIS<\/strong> a\u00e7\u00f5es<\/h3>\n<p>&nbsp;<\/p>\n<h3>Efici\u00eancia energ\u00e9tica e h\u00eddrica<\/h3>\n<p><strong>Por meio de tecnologias sustent\u00e1veis e da sensibiliza\u00e7\u00e3o dos clientes.<\/strong><\/p>\n<p>As nossas novas constru\u00e7\u00f5es contam com o selo Breeam, certifica\u00e7\u00e3o internacional que avalia a sustentabilidade ambiental de edif\u00edcios e projetos de constru\u00e7\u00e3o, e foram projetadas e constru\u00eddas levando em conta crit\u00e9rios que reduzem o impacto ambiental, melhoram a efici\u00eancia energ\u00e9tica e favorecem o bem-estar das pessoas que os utilizam. Al\u00e9m disso, eliminamos o uso de g\u00e1s substituindo caldeiras por sistemas de aerotermia. <\/p>\n<\/div>\n      \n      \n            <div class=\"font-light text-sm lg:text-base text-foreground grid grid-cols-1 md:grid-cols-2 gap-4 w-full sm:px-0 px-5\">\n                  <div class=\"w-full flex flex-col mt-4 text-col gap-2\">\n            <h3>Redu\u00e7\u00e3o de pl\u00e1sticos e<br \/>\nprodutos de uso \u00fanico<\/h3>\n<p>Substitu\u00edmos esses produtos por alternativas mais sustent\u00e1veis e menos poluentes, como bebedouros, copos reutiliz\u00e1veis ou dispensadores recarreg\u00e1veis, e eliminamos todos os produtos individuais do caf\u00e9 da manh\u00e3 por produtos a granel que n\u00e3o utilizam embalagens pl\u00e1sticas.<\/p>\n\n          <\/div>\n                  <div class=\"w-full flex flex-col mt-4 text-col gap-2\">\n            <h3>Repara\u00e7\u00e3o e reutiliza\u00e7\u00e3o<\/h3>\n<p>Promovendo uma economia circular e colabora\u00e7\u00f5es locais. Todo o mobili\u00e1rio do nosso novo hotel Greet Alicante prov\u00e9m de materiais reutilizados. <\/p>\n\n          <\/div>\n                  <div class=\"w-full flex flex-col mt-4 text-col gap-2\">\n            <h3>Proje\u00e7\u00e3o futura<\/h3>\n<p>Medimos a nossa pegada de carbono com a inten\u00e7\u00e3o de reduzi-la progressivamente.<\/p>\n<p>O nosso objetivo: reduzir em <strong>50% as emiss\u00f5es de Escopo 1 e 2<\/strong>, e em 28% as de Escopo 3 at\u00e9 2030, tomando como refer\u00eancia o ano base de 2019.<\/p>\n\n          <\/div>\n                  <div class=\"w-full flex flex-col mt-4 text-col gap-2\">\n            <h3>Desperd\u00edcio alimentar<\/h3>\n<p>Medimos e gerimos o desperd\u00edcio, sensibilizando os nossos clientes e formando os nossos colaboradores para reduzi-lo progressivamente.<\/p>\n\n          <\/div>\n              <\/div>\n      \n        <\/div>\n  \n\n<\/section>\n<p><\/p>\n","protected":false},"excerpt":{"rendered":"","protected":false},"author":1,"featured_media":0,"parent":0,"menu_order":0,"comment_status":"closed","ping_status":"closed","template":"","meta":{"_acf_changed":false,"inline_featured_image":false,"footnotes":""},"class_list":["post-1361","page","type-page","status-publish","hentry"],"acf":[],"_links":{"self":[{"href":"https:\/\/engage-mh.com\/pt-pt\/wp-json\/wp\/v2\/pages\/1361","targetHints":{"allow":["GET"]}}],"collection":[{"href":"https:\/\/engage-mh.com\/pt-pt\/wp-json\/wp\/v2\/pages"}],"about":[{"href":"https:\/\/engage-mh.com\/pt-pt\/wp-json\/wp\/v2\/types\/page"}],"author":[{"embeddable":true,"href":"https:\/\/engage-mh.com\/pt-pt\/wp-json\/wp\/v2\/users\/1"}],"replies":[{"embeddable":true,"href":"https:\/\/engage-mh.com\/pt-pt\/wp-json\/wp\/v2\/comments?post=1361"}],"version-history":[{"count":1,"href":"https:\/\/engage-mh.com\/pt-pt\/wp-json\/wp\/v2\/pages\/1361\/revisions"}],"predecessor-version":[{"id":1370,"href":"https:\/\/engage-mh.com\/pt-pt\/wp-json\/wp\/v2\/pages\/1361\/revisions\/1370"}],"wp:attachment":[{"href":"https:\/\/engage-mh.com\/pt-pt\/wp-json\/wp\/v2\/media?parent=1361"}],"curies":[{"name":"wp","href":"https:\/\/api.w.org\/{rel}","templated":true}]}}