{"id":1354,"date":"2025-08-20T13:45:31","date_gmt":"2025-08-20T11:45:31","guid":{"rendered":"https:\/\/engage.nubedev.es\/noticias\/"},"modified":"2025-11-11T11:02:45","modified_gmt":"2025-11-11T10:02:45","slug":"noticias","status":"publish","type":"page","link":"https:\/\/engage-mh.com\/pt-pt\/noticias\/","title":{"rendered":"Not\u00edcias"},"content":{"rendered":"<section class=\"w-full flex flex-col relative justify-center min-h-[70vh]\">\n  <div class=\"swiper-hero w-full overflow-hidden h-[70vh]\">\n    <div class=\"swiper-wrapper w-full\">\n               <div class=\"swiper-slide\">\n          <div class=\"bg-black\/20 w-full h-full absolute inset-0 z-10\"><\/div>\n          <img decoding=\"async\" src=\"https:\/\/engage-mh.com\/wp-content\/uploads\/2025\/11\/pared-ibis-2-1.webp\" alt=\"\"\n          class=\"absolute inset-0 w-full h-full object-cover object-center\"> \n        <\/div>\n            <\/div>\n  <\/div>\n  <div class=\"absolute z-20 inset-0 flex flex-col items-center justify-center\">\n\n    \n          <h1 class=\"text-center text-3xl lg:text-4xl xl:text-5xl 2xl:text-6xl font-louis mb-4 text-white px-5 sombra\">\n          <p>Not\u00edcias<\/p>\n\n      <\/h1>\n    \n        \n    \n    \n    \n  <\/div>\n<\/section>\n\n\n\n\n<section class=\"max-w-7xl mx-auto px-10 xl:px-0 flex items-center justify-center gap-5 sm:gap-10 xl:gap-16 pt-4 sm:border-b-[1px] sm:border-primary line-anim \">\n                          <ul class=\"w-fit px-4 sm:px-0 sm:w-full flex flex-col sm:flex-row justify-center sm:justify-end items-center gap-2 pb-1\">\n                              <li>\n                  <a href=\"https:\/\/engage-mh.com\/pt-pt\/category\/proximas-aberturas\/\" class=\"!no-underline text-xs sm:text-sm hover:text-primary uppercase text-secondary font-louis\">\n                    Pr\u00f3ximas aberturas\n                  <\/a>\n                <\/li>\n                          <\/ul>\n          <\/section>\n\n<section class=\"container mx-auto 2xl:px-0 sm:px-10 px-5 flex items-center justify-center gap-5 sm:gap-10 xl:gap-16 pb-10 zonaFall pt-6 sm:pt-12\">\n\n        <div class=\"w-full flex flex-row flex-wrap items-start justify-center gap-5 sm:gap-10 w-full\">\n                            \n            <a href=\"https:\/\/engage-mh.com\/pt-pt\/novo-hotel-ibis-styles-benidorm-abrira-suas-portas-em-2026\/\" class=\"w-full sm:w-1\/3 lg:w-1\/4 itemFall pt-8 !no-underline \">\n              <div class=\"flex flex-col items-center justify-center gap-5 group\">\n\n\n                  <svg class=\"w-24\" viewBox=\"0 0 179 72\" fill=\"none\" xmlns=\"http:\/\/www.w3.org\/2000\/svg\">\n                      <g clip-path=\"url(#clip0_57_233)\">\n                          <path d=\"M143.203 0V36.0025H107.401V0H71.599V36.0025H35.802V0H0V36.0025V72H35.802H71.599H107.401H143.203H179V36.0025V0H143.203Z\" fill=\"#F98512\"\/>\n                      <\/g>\n                      <defs>\n                          <clipPath id=\"clip0_57_233\">\n                              <rect width=\"179\" height=\"72\" fill=\"white\"\/>\n                          <\/clipPath>\n                      <\/defs>\n                  <\/svg>\n\n                  <div class=\"aspect-square w-full relative overflow-hidden\">\n                      <img decoding=\"async\" src=\"https:\/\/engage-mh.com\/wp-content\/uploads\/2025\/09\/benidorm-1024x682.webp\" alt=\"Novo hotel ibis Styles Benidorm abrir\u00e1 suas portas em 2026\" \n                          class=\"object-cover w-full h-full transform transition-transform duration-500 ease-out group-hover:scale-110\" \/>\n                      <div class=\"absolute inset-0 bg-primary\/0 transition-colors duration-500 ease-out group-hover:bg-primary\/40\"><\/div>\n                  <\/div>\n\n                <div class=\"categories\">\n                                                                        <div class=\"bg-secondary group-hover:bg-primary px-2 py-1 uppercase font-louis text-[10px] text-white\">Pr\u00f3ximas aberturas<\/div>\n                                                            <\/div>\n\n\n\n                                        <h3 class=\"min-h-[64px] font-sans text-eg-blue group-hover:text-primary text-lg sm:text-xl xl:text-2xl text-center flex items-center\" style=\"height:100px\">\n                          Novo hotel ibis Styles Benidorm abrir\u00e1 suas portas em 2026\n                      <\/h3>\n                  \n\n                                        <div class=\"font-sans text-xs md:text-sm 2xl:text-base text-center text-foreground font-light\">\n                          \ud83c\udf34 Benidorm se prepara para receber um novo hotel de 4 estrelas sob a marca ibis Styles, que contar\u00e1 com 131 quartos, bar, terra\u00e7o&#8230;\n                      <\/div>\n                  \n        \n                  <div class=\"flex flex-wrap gap-4 align-center justify-start mt-auto\">\n                      <button \n                        class=\"font-louis font-light uppercase py-2 px-4 xl:px-6  text-xs sm:text-sm flex flex-row items-center gap-2 bg-primary text-white group-hover:bg-secondary group-hover:-translate-y-1 transition-all duration-300 ease-in-out\">\n                          Leia mais\n                    <\/button>\n                  <\/div>\n              <\/div>\n            <\/a>\n                          \n            <a href=\"https:\/\/engage-mh.com\/pt-pt\/nova-marca-hoteleira-sustentavel-chegara-em-2026-greet\/\" class=\"w-full sm:w-1\/3 lg:w-1\/4 itemFall pt-8 !no-underline \">\n              <div class=\"flex flex-col items-center justify-center gap-5 group\">\n\n\n                  <svg class=\"w-24\" viewBox=\"0 0 179 72\" fill=\"none\" xmlns=\"http:\/\/www.w3.org\/2000\/svg\">\n                      <g clip-path=\"url(#clip0_57_233)\">\n                          <path d=\"M143.203 0V36.0025H107.401V0H71.599V36.0025H35.802V0H0V36.0025V72H35.802H71.599H107.401H143.203H179V36.0025V0H143.203Z\" fill=\"#F98512\"\/>\n                      <\/g>\n                      <defs>\n                          <clipPath id=\"clip0_57_233\">\n                              <rect width=\"179\" height=\"72\" fill=\"white\"\/>\n                          <\/clipPath>\n                      <\/defs>\n                  <\/svg>\n\n                  <div class=\"aspect-square w-full relative overflow-hidden\">\n                      <img decoding=\"async\" src=\"https:\/\/engage-mh.com\/wp-content\/uploads\/2025\/09\/greet-alicante-010-small.webp\" alt=\"Nova marca hoteleira sustent\u00e1vel chegar\u00e1 em 2026: Greet\" \n                          class=\"object-cover w-full h-full transform transition-transform duration-500 ease-out group-hover:scale-110\" \/>\n                      <div class=\"absolute inset-0 bg-primary\/0 transition-colors duration-500 ease-out group-hover:bg-primary\/40\"><\/div>\n                  <\/div>\n\n                <div class=\"categories\">\n                                                                        <div class=\"bg-secondary group-hover:bg-primary px-2 py-1 uppercase font-louis text-[10px] text-white\">Pr\u00f3ximas aberturas<\/div>\n                                                            <\/div>\n\n\n\n                                        <h3 class=\"min-h-[64px] font-sans text-eg-blue group-hover:text-primary text-lg sm:text-xl xl:text-2xl text-center flex items-center\" style=\"height:100px\">\n                          Nova marca hoteleira sustent\u00e1vel chegar\u00e1 em 2026: Greet\n                      <\/h3>\n                  \n\n                                        <div class=\"font-sans text-xs md:text-sm 2xl:text-base text-center text-foreground font-light\">\n                          \ud83c\udf3f O primeiro semestre de 2026 marcar\u00e1 a chegada da Greet, uma nova marca de hot\u00e9is sustent\u00e1veis que aposta na hospitalidade&#8230;\n                      <\/div>\n                  \n        \n                  <div class=\"flex flex-wrap gap-4 align-center justify-start mt-auto\">\n                      <button \n                        class=\"font-louis font-light uppercase py-2 px-4 xl:px-6  text-xs sm:text-sm flex flex-row items-center gap-2 bg-primary text-white group-hover:bg-secondary group-hover:-translate-y-1 transition-all duration-300 ease-in-out\">\n                          Leia mais\n                    <\/button>\n                  <\/div>\n              <\/div>\n            <\/a>\n                          \n            <a href=\"https:\/\/engage-mh.com\/pt-pt\/novo-ibis-budget-cordoba-abrira-em-2027\/\" class=\"w-full sm:w-1\/3 lg:w-1\/4 itemFall pt-8 !no-underline \">\n              <div class=\"flex flex-col items-center justify-center gap-5 group\">\n\n\n                  <svg class=\"w-24\" viewBox=\"0 0 179 72\" fill=\"none\" xmlns=\"http:\/\/www.w3.org\/2000\/svg\">\n                      <g clip-path=\"url(#clip0_57_233)\">\n                          <path d=\"M143.203 0V36.0025H107.401V0H71.599V36.0025H35.802V0H0V36.0025V72H35.802H71.599H107.401H143.203H179V36.0025V0H143.203Z\" fill=\"#F98512\"\/>\n                      <\/g>\n                      <defs>\n                          <clipPath id=\"clip0_57_233\">\n                              <rect width=\"179\" height=\"72\" fill=\"white\"\/>\n                          <\/clipPath>\n                      <\/defs>\n                  <\/svg>\n\n                  <div class=\"aspect-square w-full relative overflow-hidden\">\n                      <img decoding=\"async\" src=\"https:\/\/engage-mh.com\/wp-content\/uploads\/2025\/08\/casco-historico-cordoba-1024x768.webp\" alt=\"Novo Ibis Budget C\u00f3rdoba abrir\u00e1 em 2027\" \n                          class=\"object-cover w-full h-full transform transition-transform duration-500 ease-out group-hover:scale-110\" \/>\n                      <div class=\"absolute inset-0 bg-primary\/0 transition-colors duration-500 ease-out group-hover:bg-primary\/40\"><\/div>\n                  <\/div>\n\n                <div class=\"categories\">\n                                                                        <div class=\"bg-secondary group-hover:bg-primary px-2 py-1 uppercase font-louis text-[10px] text-white\">Pr\u00f3ximas aberturas<\/div>\n                                                            <\/div>\n\n\n\n                                        <h3 class=\"min-h-[64px] font-sans text-eg-blue group-hover:text-primary text-lg sm:text-xl xl:text-2xl text-center flex items-center\" style=\"height:100px\">\n                          Novo Ibis Budget C\u00f3rdoba abrir\u00e1 em 2027\n                      <\/h3>\n                  \n\n                                        <div class=\"font-sans text-xs md:text-sm 2xl:text-base text-center text-foreground font-light\">\n                          \ud83c\udfe8 A cidade de C\u00f3rdoba contar\u00e1 em 2027 com um novo hotel da marca ibis Budget, que oferecer\u00e1 96 quartos modernos&#8230;\n                      <\/div>\n                  \n        \n                  <div class=\"flex flex-wrap gap-4 align-center justify-start mt-auto\">\n                      <button \n                        class=\"font-louis font-light uppercase py-2 px-4 xl:px-6  text-xs sm:text-sm flex flex-row items-center gap-2 bg-primary text-white group-hover:bg-secondary group-hover:-translate-y-1 transition-all duration-300 ease-in-out\">\n                          Leia mais\n                    <\/button>\n                  <\/div>\n              <\/div>\n            <\/a>\n          <\/div>\n    \n<\/section>","protected":false},"excerpt":{"rendered":"","protected":false},"author":1,"featured_media":0,"parent":0,"menu_order":0,"comment_status":"closed","ping_status":"closed","template":"","meta":{"_acf_changed":false,"inline_featured_image":false,"footnotes":""},"class_list":["post-1354","page","type-page","status-publish","hentry"],"acf":[],"_links":{"self":[{"href":"https:\/\/engage-mh.com\/pt-pt\/wp-json\/wp\/v2\/pages\/1354","targetHints":{"allow":["GET"]}}],"collection":[{"href":"https:\/\/engage-mh.com\/pt-pt\/wp-json\/wp\/v2\/pages"}],"about":[{"href":"https:\/\/engage-mh.com\/pt-pt\/wp-json\/wp\/v2\/types\/page"}],"author":[{"embeddable":true,"href":"https:\/\/engage-mh.com\/pt-pt\/wp-json\/wp\/v2\/users\/1"}],"replies":[{"embeddable":true,"href":"https:\/\/engage-mh.com\/pt-pt\/wp-json\/wp\/v2\/comments?post=1354"}],"version-history":[{"count":2,"href":"https:\/\/engage-mh.com\/pt-pt\/wp-json\/wp\/v2\/pages\/1354\/revisions"}],"predecessor-version":[{"id":1574,"href":"https:\/\/engage-mh.com\/pt-pt\/wp-json\/wp\/v2\/pages\/1354\/revisions\/1574"}],"wp:attachment":[{"href":"https:\/\/engage-mh.com\/pt-pt\/wp-json\/wp\/v2\/media?parent=1354"}],"curies":[{"name":"wp","href":"https:\/\/api.w.org\/{rel}","templated":true}]}}