{"id":1326,"date":"2025-08-22T13:33:53","date_gmt":"2025-08-22T11:33:53","guid":{"rendered":"https:\/\/engage.nubedev.es\/atividade\/"},"modified":"2025-11-10T13:36:41","modified_gmt":"2025-11-10T12:36:41","slug":"atividade","status":"publish","type":"page","link":"https:\/\/engage-mh.com\/pt-pt\/atividade\/","title":{"rendered":"Atividade"},"content":{"rendered":"<section class=\"w-full flex flex-col relative justify-center min-h-[70vh]\">\n  <div class=\"swiper-hero w-full overflow-hidden h-[70vh]\">\n    <div class=\"swiper-wrapper w-full\">\n               <div class=\"swiper-slide\">\n          <div class=\"bg-black\/20 w-full h-full absolute inset-0 z-10\"><\/div>\n          <img decoding=\"async\" src=\"https:\/\/engage-mh.com\/wp-content\/uploads\/2025\/10\/greet06.webp\" alt=\"\"\n          class=\"absolute inset-0 w-full h-full object-cover object-center\"> \n        <\/div>\n            <\/div>\n  <\/div>\n  <div class=\"absolute z-20 inset-0 flex flex-col items-center justify-center\">\n\n    \n          <h1 class=\"text-center text-3xl lg:text-4xl xl:text-5xl 2xl:text-6xl font-louis mb-4 text-white px-5 sombra\">\n          <p>Atividade<\/p>\n\n      <\/h1>\n    \n        \n    \n    \n    \n  <\/div>\n<\/section>\n\n\n\n\n<section class=\"container mx-auto pt-10 lg:pt-20 2xl:px-0 px-5 sm:px-10 overflow-hidden flex flex-col items-center justify-center gap-5 font-sans fadeIn\">\n  \n  \n    <div class=\"text-lg lg:text-xl xl:text-2xl text-center font-louis text-foreground xl:leading-10 lg:w-4\/5  text-center\"><p>A Engage Management Hospitality concentra uma ampla experi\u00eancia em hotelaria.<\/p>\n<\/div>\n  \n    <div class=\"mt-4 font-light text-sm lg:text-base text-foreground w-full   w-full lg:w-4\/5  text-center\"><p>Somos especializados em alojamento e restaura\u00e7\u00e3o, acompanhando o h\u00f3spede em cada etapa de sua experi\u00eancia. Al\u00e9m disso, oferecemos assessoria integral para todo o ciclo de vida do hotel, desde a sua cria\u00e7\u00e3o at\u00e9 a sua opera\u00e7\u00e3o. <\/p>\n<\/div>\n  \n  <\/section>\n\n<section class=\"container mx-auto pt-10 lg:pt-20 2xl:px-0 px-5 sm:px-10 overflow-hidden flex gap-8 sm:gap-10 xl:gap-20 zonaFall flex-col lg:flex-row items-stretch\">\n\n\n\n  <div class=\"w-full lg:w-2\/5 flex itemFall \">\n    <img decoding=\"async\" src=\"https:\/\/engage-mh.com\/wp-content\/uploads\/2025\/10\/18524.jpg\" class=\"w-full max-h-[350px] lg:max-h-none object-cover\" alt=\"\">\n  <\/div>\n\n\n  <div class=\"w-full lg:w-3\/5 flex flex-col gap-5 font-sans itemFall justify-center text-center lg:text-start lg:items-start\">\n    \n\n  <div  class=\"w-full flex gap-1 items-center text-center justify-center lg:text-start lg:justify-start\">\n    \n\n              <img decoding=\"async\" src=\"https:\/\/engage-mh.com\/wp-content\/uploads\/2025\/10\/ENGG_Iconos-Web_No-Molestar-1-2.svg\" class=\"w-auto h-[40px] lg:h-[50px] xl:h-[60px] object-contain\" alt=\"\">\n      \n      \n   \n\n              <h2 class=\"uppercase text-2xl lg:text-3xl xl:text-5xl font-louis text-secondary titulo-mixto-orange\"><p>Hotelaria<\/p>\n<\/h2>\n      \n    <\/div>\n          <div class=\"mt-4 font-light text-sm lg:text-base text-foreground w-full sm:px-0 px-5 listable \">\n        <p>Na EMH acreditamos que a qualidade deve estar ao alcance de todos. Por isso oferecemos experi\u00eancias \u00fanicas, pensadas para surpreender e deixar uma marca em cada h\u00f3spede. Queremos que cada estadia se transforme em uma lembran\u00e7a inesquec\u00edvel.  <\/p>\n<p>&nbsp;<\/p>\n<p>Atualmente operamos sob as marcas Accor e Hilton Hotels and Resorts<\/p>\n\n      <\/div>\n    \n    \n              <div class=\"2xl:pt-8 w-full flex flex-col md:flex-row lg:flex-col  xl:flex-row  justify-center items-center gap-16 2xl:gap-32 my-16 sm:my-20 items-stretch\">\n            <div class=\"w-full 2xl:w-1\/2 border-[1px] border-primary flex flex-col justify-center items-center px-8 transition-all easy-in-out duration-300\">\n        <div class=\"icon_wrapper  w-[100px] sm:w-[150px] -translate-y-[40px] sm:-translate-y-[60px]\">\n          <img decoding=\"async\" src=\"https:\/\/engage-mh.com\/wp-content\/uploads\/2025\/08\/Screenshot-2025-08-08-at-13.02.08.svg\" alt=\"Socios\" class=\"w-full h-full object-cover\">\n        <\/div>\n\n        <div class=\"icon_wrapper w-[250px] md:w-[300px]  -translate-y-[40px]\">\n          <img decoding=\"async\" src=\"https:\/\/engage-mh.com\/wp-content\/uploads\/2025\/10\/MARCAS-ORDEN.svg\" alt=\"Socios\" class=\"w-full h-full object-cover\">\n        <\/div>\n      <\/div>\n      \n            <div class=\"w-full  2xl:w-1\/2 border-[1px] border-primary flex flex-col justify-center items-center px-8 transition-all easy-in-out duration-300\">\n        <div class=\"icon_wrapper  w-[120px] sm:w-[150px] md:w-[160px] -translate-y-[40px] md:-translate-y-[100px] lg:-translate-y-[60px] xl:-translate-y-[100px]\">\n          <img decoding=\"async\" src=\"https:\/\/engage-mh.com\/wp-content\/uploads\/2025\/08\/image-3.svg\" alt=\"Socios\" class=\"w-full h-full object-cover\">\n        <\/div>\n\n        <div class=\"icon_wrapper  w-[100px] md:w-[150px] -translate-y-[20px] md:-translate-y-[40px]\">\n          <img decoding=\"async\" src=\"https:\/\/engage-mh.com\/wp-content\/uploads\/2025\/08\/Capa_1.svg\" alt=\"Socios\" class=\"w-full h-full object-cover\">\n        <\/div>\n      <\/div>\n          <\/div>\n        \n    \n  <\/div>\n\n\n<\/section>\n\n\n<section class=\"container mx-auto pt-10 lg:pt-20 2xl:px-0 px-5 sm:px-10 overflow-hidden flex gap-8 sm:gap-10 xl:gap-20 zonaFall flex-col lg:flex-row-reverse items-stretch\">\n\n\n\n  <div class=\"w-full lg:w-2\/5 flex itemFall \">\n    <img decoding=\"async\" src=\"https:\/\/engage-mh.com\/wp-content\/uploads\/2025\/10\/2025.jpg\" class=\"w-full max-h-[350px] lg:max-h-none object-cover\" alt=\"\">\n  <\/div>\n\n\n  <div class=\"w-full lg:w-3\/5 flex flex-col gap-5 font-sans itemFall justify-center text-center lg:text-end lg:items-end\">\n    \n\n  <div  class=\"w-full flex gap-1 items-center text-center justify-center lg:text-end lg:justify-end\">\n    \n\n              <img decoding=\"async\" src=\"https:\/\/engage-mh.com\/wp-content\/uploads\/2025\/10\/ENGG_Iconos-Web_Restauracion-02-1-2.svg\" class=\"w-auto h-[40px] lg:h-[50px] xl:h-[60px] object-contain\" alt=\"\">\n      \n              <h2 class=\"uppercase text-2xl lg:text-3xl xl:text-5xl text-secondary font-louis\">Restaura\u00e7\u00e3o<\/h2>\n      \n   \n\n      \n    <\/div>\n          <div class=\"mt-4 font-light text-sm lg:text-base text-foreground w-full sm:px-0 px-5 listable listable-end\">\n        <p>Nos nossos hot\u00e9is, a restaura\u00e7\u00e3o \u00e9 muito mais do que um servi\u00e7o: \u00e9 uma experi\u00eancia que complementa e eleva cada estadia. Adaptamos conceitos gastron\u00f4micos que v\u00e3o desde propostas r\u00e1pidas de snacking at\u00e9 culin\u00e1ria gourmet, ideais para todos os tipos de clientes, grupos e eventos.<br \/>\n&nbsp;<br \/>\nApostamos numa cozinha respons\u00e1vel, baseada em produtos frescos, sazonais e com um enfoque vegetal, sem nunca renunciar ao sabor nem \u00e0 qualidade. Comer bem \u00e9 sustent\u00e1vel e prazeroso. <\/p>\n\n      <\/div>\n    \n    \n        \n                  <a href=\"\/pt-pt\/contacto\/\" target=\"\" class=\"mx-auto lg:mx-0 !w-fit bg-primary hover:bg-secondary py-2 px-6 text-white font-louis !no-underline flex flex-row items-center gap-2 boton-tlf hover:-translate-y-1 transition-all duration-300 ease-in-out\">\n          <span class=\"text-sm uppercase text-center\">Desenvolva um projeto hoteleiro<\/span>\n        <\/a>\n          \n  <\/div>\n\n\n<\/section>\n\n\n<section class=\"container mx-auto 2xl:px-0 sm:px-10 px-5 flex items-center justify-center mt-0 lg:mt-24 gap-5 py-12 sm:gap-10 xl:gap-16  fadeIn\"   id=\"ci\">\n\n    <div class=\"w-full flex flex-row items-center justify-center gap-5 sm:gap-10 w-full\">\n\n        <button class=\"swiper-imagenes-logo-prev cursor-pointer\">\n            <svg xmlns=\"http:\/\/www.w3.org\/2000\/svg\" fill=\"none\" viewBox=\"0 0 24 24\" stroke-width=\"1.5\"\n                stroke=\"currentColor\" class=\"size-8 stroke-primary\">\n                <path stroke-linecap=\"round\" stroke-linejoin=\"round\" d=\"M15.75 19.5 8.25 12l7.5-7.5\" \/>\n            <\/svg>\n        <\/button>\n\n <div class=\"swiper-imagenes-logo w-full h-full overflow-x-hidden flex items-center justify-center\">\n    <div class=\"swiper-wrapper grid grid-cols-1 sm:grid-cols-2\">\n                    <div class=\"swiper-slide h-full flex items-center justify-center\">\n                <div class=\"flex flex-col items-center justify-center gap-5 group\">\n\n                    <div class=\"max-h-[120px] w-full relative overflow-hidden\">\n                        <img decoding=\"async\" src=\"https:\/\/engage-mh.com\/wp-content\/uploads\/2025\/08\/Screenshot-2025-08-08-at-13.02.18.svg\" alt=\"Logo Sofitel Hotels &amp; Resorts\" \n                            class=\"object-contain max-h-[100px] w-full transform transition-transform duration-500 ease-out group-hover:scale-105\" \/>\n  \n                    <\/div>\n\n                                            <h3 class=\"font-sans text-secondary text-lg sm:text-xl xl:text-2xl text-center\">\n                            <div class=\"text-center font-louis text-eg-blue text-lg lg:text-xl xl:text-2xl uppercase\">\n<p>Where live lives<\/p>\n<\/div>\n\n                        <\/h3>\n                    \n                                            <div class=\"font-sans text-xs md:text-sm 2xl:text-base text-center font-light text-foreground\">\n                            <div class=\"text-center font-light font-sans text-foreground text-sm lg:text-base\">\n<p>Damos-lhe as boas-vindas ao Sofitel.<\/p>\n<p>Onde a ess\u00eancia francesa impregna cada momento.<\/p>\n<\/div>\n\n                        <\/div>\n                    \n                    <div class=\"flex flex-wrap gap-4 align-center justify-start mt-auto\">\n                                            <\/div>\n                <\/div>\n            <\/div>\n                    <div class=\"swiper-slide h-full flex items-center justify-center\">\n                <div class=\"flex flex-col items-center justify-center gap-5 group\">\n\n                    <div class=\"max-h-[120px] w-full relative overflow-hidden\">\n                        <img decoding=\"async\" src=\"https:\/\/engage-mh.com\/wp-content\/uploads\/2025\/08\/Vector7.svg\" alt=\"Logo Ibis Styles\" \n                            class=\"object-contain max-h-[100px] w-full transform transition-transform duration-500 ease-out group-hover:scale-105\" \/>\n  \n                    <\/div>\n\n                                            <h3 class=\"font-sans text-secondary text-lg sm:text-xl xl:text-2xl text-center\">\n                            <div class=\"text-center font-louis text-eg-blue text-lg lg:text-xl xl:text-2xl uppercase\">\n<p>Alimente a sua criatividade<\/p>\n<\/div>\n\n                        <\/h3>\n                    \n                                            <div class=\"font-sans text-xs md:text-sm 2xl:text-base text-center font-light text-foreground\">\n                            <div class=\"text-center font-light font-sans text-foreground text-sm lg:text-base\">\n<p>Hot\u00e9is com designs tem\u00e1ticos \u00fanicos onde os criadores se encontram e os h\u00f3spedes encontram tudo o que precisam para uma estadia reconfortante e agrad\u00e1vel.<\/p>\n<\/div>\n\n                        <\/div>\n                    \n                    <div class=\"flex flex-wrap gap-4 align-center justify-start mt-auto\">\n                                            <\/div>\n                <\/div>\n            <\/div>\n                    <div class=\"swiper-slide h-full flex items-center justify-center\">\n                <div class=\"flex flex-col items-center justify-center gap-5 group\">\n\n                    <div class=\"max-h-[120px] w-full relative overflow-hidden\">\n                        <img decoding=\"async\" src=\"https:\/\/engage-mh.com\/wp-content\/uploads\/2025\/08\/Vector6.svg\" alt=\"Logo Ibis\" \n                            class=\"object-contain max-h-[100px] w-full transform transition-transform duration-500 ease-out group-hover:scale-105\" \/>\n  \n                    <\/div>\n\n                                            <h3 class=\"font-sans text-secondary text-lg sm:text-xl xl:text-2xl text-center\">\n                            <div class=\"text-center font-louis text-eg-blue text-lg lg:text-xl xl:text-2xl uppercase\">\n<p> Aberto para todas as pessoas<\/p>\n<\/div>\n\n                        <\/h3>\n                    \n                                            <div class=\"font-sans text-xs md:text-sm 2xl:text-base text-center font-light text-foreground\">\n                            <div class=\"text-center font-light font-sans text-foreground text-sm lg:text-base\">\n<p>Onde quer que v\u00e1, sinta-se em casa com o ibis, onde os amigos se encontram e relaxam no conforto de um lugar econ\u00f4mico, mas com todos os detalhes.<\/p>\n<\/div>\n\n                        <\/div>\n                    \n                    <div class=\"flex flex-wrap gap-4 align-center justify-start mt-auto\">\n                                            <\/div>\n                <\/div>\n            <\/div>\n                    <div class=\"swiper-slide h-full flex items-center justify-center\">\n                <div class=\"flex flex-col items-center justify-center gap-5 group\">\n\n                    <div class=\"max-h-[120px] w-full relative overflow-hidden\">\n                        <img decoding=\"async\" src=\"https:\/\/engage-mh.com\/wp-content\/uploads\/2025\/08\/Group-59.svg\" alt=\"Logo Ibis Budget\" \n                            class=\"object-contain max-h-[100px] w-full transform transition-transform duration-500 ease-out group-hover:scale-105\" \/>\n  \n                    <\/div>\n\n                                            <h3 class=\"font-sans text-secondary text-lg sm:text-xl xl:text-2xl text-center\">\n                            <div class=\"text-center font-louis text-eg-blue text-lg lg:text-xl xl:text-2xl uppercase\">\n<p>Prontos, preparados, j\u00e1!<\/p>\n<\/div>\n\n                        <\/h3>\n                    \n                                            <div class=\"font-sans text-xs md:text-sm 2xl:text-base text-center font-light text-foreground\">\n                            <div class=\"text-center font-light font-sans text-foreground text-sm lg:text-base\">\n<p>M\u00e1xima divers\u00e3o a um custo m\u00ednimo. Gra\u00e7as \u00e0 reputa\u00e7\u00e3o de conforto garantido, os nossos hot\u00e9is s\u00e3o acolhedores, conectam-nos e enchem-nos de energia. <\/p>\n<\/div>\n\n                        <\/div>\n                    \n                    <div class=\"flex flex-wrap gap-4 align-center justify-start mt-auto\">\n                                            <\/div>\n                <\/div>\n            <\/div>\n                    <div class=\"swiper-slide h-full flex items-center justify-center\">\n                <div class=\"flex flex-col items-center justify-center gap-5 group\">\n\n                    <div class=\"max-h-[120px] w-full relative overflow-hidden\">\n                        <img decoding=\"async\" src=\"https:\/\/engage-mh.com\/wp-content\/uploads\/2025\/08\/Screenshot-2025-08-08-at-13.02.15.svg\" alt=\"Logo Greet\" \n                            class=\"object-contain max-h-[100px] w-full transform transition-transform duration-500 ease-out group-hover:scale-105\" \/>\n  \n                    <\/div>\n\n                                            <h3 class=\"font-sans text-secondary text-lg sm:text-xl xl:text-2xl text-center\">\n                            <div class=\"text-center font-louis text-eg-blue text-lg lg:text-xl xl:text-2xl uppercase\">\n<p>O local ganha sentido<\/p>\n<\/div>\n\n                        <\/h3>\n                    \n                                            <div class=\"font-sans text-xs md:text-sm 2xl:text-base text-center font-light text-foreground\">\n                            <div class=\"text-center font-light font-sans text-foreground text-sm lg:text-base\">\n<p>Bem-vindo ao Greet! Hot\u00e9is com um forte v\u00ednculo local, reorientados para o que realmente importa. <\/p>\n<\/div>\n\n                        <\/div>\n                    \n                    <div class=\"flex flex-wrap gap-4 align-center justify-start mt-auto\">\n                                            <\/div>\n                <\/div>\n            <\/div>\n                    <div class=\"swiper-slide h-full flex items-center justify-center\">\n                <div class=\"flex flex-col items-center justify-center gap-5 group\">\n\n                    <div class=\"max-h-[120px] w-full relative overflow-hidden\">\n                        <img decoding=\"async\" src=\"https:\/\/engage-mh.com\/wp-content\/uploads\/2025\/08\/Capa_1.svg\" alt=\"DoubleTree by Hilton\" \n                            class=\"object-contain max-h-[100px] w-full transform transition-transform duration-500 ease-out group-hover:scale-105\" \/>\n  \n                    <\/div>\n\n                                            <h3 class=\"font-sans text-secondary text-lg sm:text-xl xl:text-2xl text-center\">\n                            <div class=\"text-center font-louis text-eg-blue text-lg lg:text-xl xl:text-2xl uppercase\">The little things<\/div>\n<div class=\"text-center font-louis text-eg-blue text-lg lg:text-xl xl:text-2xl uppercase\">mean everything<\/div>\n\n                        <\/h3>\n                    \n                                            <div class=\"font-sans text-xs md:text-sm 2xl:text-base text-center font-light text-foreground\">\n                            <div class=\"text-center font-light font-sans text-foreground text-sm lg:text-base\">\n<p>Uma experi\u00eancia hoteleira confort\u00e1vel, acolhedora e de alta qualidade, principalmente para viajantes de neg\u00f3cios e lazer, com foco no servi\u00e7o atencioso e na hospitalidade cuidadosa.<\/p>\n<\/div>\n\n                        <\/div>\n                    \n                    <div class=\"flex flex-wrap gap-4 align-center justify-start mt-auto\">\n                                            <\/div>\n                <\/div>\n            <\/div>\n                    <div class=\"swiper-slide h-full flex items-center justify-center\">\n                <div class=\"flex flex-col items-center justify-center gap-5 group\">\n\n                    <div class=\"max-h-[120px] w-full relative overflow-hidden\">\n                        <img decoding=\"async\" src=\"https:\/\/engage-mh.com\/wp-content\/uploads\/2025\/08\/Screenshot-2025-08-08-at-13.02.46-2.svg\" alt=\"Logo \u00fcnico restaurante\" \n                            class=\"object-contain max-h-[100px] w-full transform transition-transform duration-500 ease-out group-hover:scale-105\" \/>\n  \n                    <\/div>\n\n                                            <h3 class=\"font-sans text-secondary text-lg sm:text-xl xl:text-2xl text-center\">\n                            <div class=\"text-center font-louis text-eg-blue text-lg lg:text-xl xl:text-2xl uppercase\">\n<p>H\u00fcnico para todos<\/p>\n<\/div>\n\n                        <\/h3>\n                    \n                                            <div class=\"font-sans text-xs md:text-sm 2xl:text-base text-center font-light text-foreground\">\n                            <div class=\"text-center font-light font-sans text-foreground text-sm lg:text-base\">\nSinceridade gastron\u00f4mica.<\/p>\n<p> Culin\u00e1ria de produto com ra\u00edzes galegas. <\/p>\n<\/div>\n\n                        <\/div>\n                    \n                    <div class=\"flex flex-wrap gap-4 align-center justify-start mt-auto\">\n                                            <\/div>\n                <\/div>\n            <\/div>\n            <\/div>\n<\/div>\n\n<button class=\"swiper-imagenes-logo-next cursor-pointer\">\n    <svg xmlns=\"http:\/\/www.w3.org\/2000\/svg\" fill=\"none\" viewBox=\"0 0 24 24\" stroke-width=\"1.5\"\n        stroke=\"currentColor\" class=\"size-8 stroke-primary\">\n        <path stroke-linecap=\"round\" stroke-linejoin=\"round\" d=\"m8.25 4.5 7.5 7.5-7.5 7.5\" \/>\n    <\/svg>\n<\/button>\n    <\/div>\n\n\n<\/section>\n<style>\n  @media (min-width: 640px) {\n  .swiper-mini-logo .swiper-wrapper {\n  justify-content: center !important;\n}\n\n\n.swiper-mini-logo .swiper-slide {\n  margin-right: 50px !important; \n}\n}\n\t\n#ci {\n  scroll-margin-top: 12vh; \/* o 100px, seg\u00fan tu dise\u00f1o *\/\n}\n<\/style>\n\n<section class=\"container mx-auto pt-10 lg:pt-20 2xl:px-0 px-5 sm:px-10 overflow-hidden flex flex-col items-center justify-center gap-5 font-sans fadeIn\">\n  \n  \n  \n  \n           <a href=\"\/pt-pt\/propriedades\/\" target=\"\" class=\"bg-primary hover:bg-secondary py-2 px-6 text-white font-louis  !no-underline flex flex-row items-center gap-2 boton-tlf hover:-translate-y-1 transition-all duration-300 ease-in-out\">\n\n          <span class=\"text-sm uppercase\">Descubra as nossas propriedades<\/span>\n      <\/a>\n      <\/section>","protected":false},"excerpt":{"rendered":"","protected":false},"author":1,"featured_media":0,"parent":0,"menu_order":0,"comment_status":"closed","ping_status":"closed","template":"","meta":{"_acf_changed":false,"inline_featured_image":false,"footnotes":""},"class_list":["post-1326","page","type-page","status-publish","hentry"],"acf":[],"_links":{"self":[{"href":"https:\/\/engage-mh.com\/pt-pt\/wp-json\/wp\/v2\/pages\/1326","targetHints":{"allow":["GET"]}}],"collection":[{"href":"https:\/\/engage-mh.com\/pt-pt\/wp-json\/wp\/v2\/pages"}],"about":[{"href":"https:\/\/engage-mh.com\/pt-pt\/wp-json\/wp\/v2\/types\/page"}],"author":[{"embeddable":true,"href":"https:\/\/engage-mh.com\/pt-pt\/wp-json\/wp\/v2\/users\/1"}],"replies":[{"embeddable":true,"href":"https:\/\/engage-mh.com\/pt-pt\/wp-json\/wp\/v2\/comments?post=1326"}],"version-history":[{"count":2,"href":"https:\/\/engage-mh.com\/pt-pt\/wp-json\/wp\/v2\/pages\/1326\/revisions"}],"predecessor-version":[{"id":1503,"href":"https:\/\/engage-mh.com\/pt-pt\/wp-json\/wp\/v2\/pages\/1326\/revisions\/1503"}],"wp:attachment":[{"href":"https:\/\/engage-mh.com\/pt-pt\/wp-json\/wp\/v2\/media?parent=1326"}],"curies":[{"name":"wp","href":"https:\/\/api.w.org\/{rel}","templated":true}]}}