{"id":1387,"date":"2025-08-26T13:44:17","date_gmt":"2025-08-26T11:44:17","guid":{"rendered":"https:\/\/engage.nubedev.es\/politica-de-cookies\/"},"modified":"2025-11-10T13:28:50","modified_gmt":"2025-11-10T12:28:50","slug":"politica-de-cookies","status":"publish","type":"page","link":"https:\/\/engage-mh.com\/fr\/politica-de-cookies\/","title":{"rendered":"Politique de Cookies"},"content":{"rendered":"\n<p>DG Invest Hospitality, S.L et IPIH Espagne, S.L sont responsables du site web <a href=\"http:\/\/www.engage-mh.com\">http:\/\/www.engage-mh.com<\/a>, et utilisent des cookies et\/ou d\u2019autres fichiers de fonctionnalit\u00e9 similaire (ci-apr\u00e8s, les \u00ab Cookies \u00bb).<\/p>\n\n\n\n<p>Un cookie est un fichier texte qu\u2019un site web, une application ou une autre plateforme enregistre sur votre appareil, tel qu\u2019un ordinateur, une tablette ou un smartphone. Il contient des informations sur votre navigation ou votre utilisation, comme une \u00e9tiquette identifiant votre appareil. Les cookies sont n\u00e9cessaires pour faciliter la navigation et comprendre comment les utilisateurs interagissent avec les sites web, ce qui permet d\u2019apporter des am\u00e9liorations. Ils sont \u00e9galement utiles pour personnaliser la publicit\u00e9 selon vos pr\u00e9f\u00e9rences et pour d\u2019autres finalit\u00e9s d\u00e9taill\u00e9es ci-dessous. Les cookies ne nuisent pas \u00e0 votre appareil.<\/p>\n\n\n\n<h3 class=\"wp-block-heading\"><strong>2. TYPOLOGIE DES COOKIES<\/strong><\/h3>\n\n\n\n<p>Veuillez consulter cette section qui fournit une vue d\u2019ensemble des diff\u00e9rents types de cookies pouvant \u00eatre utilis\u00e9s dans un environnement en ligne.<\/p>\n\n\n\n<p><strong>Selon le propri\u00e9taire des cookies<\/strong>, ils peuvent \u00eatre class\u00e9s comme suit :<\/p>\n\n\n\n<ul class=\"wp-block-list\">\n<li><strong>Cookies internes :<\/strong> Ces cookies sont envoy\u00e9s \u00e0 l\u2019ordinateur ou \u00e0 l\u2019appareil de l\u2019utilisateur \u00e0 partir de l\u2019\u00e9quipement ou du domaine g\u00e9r\u00e9 par l\u2019\u00e9diteur lui-m\u00eame, qui fournit le site web ou le service demand\u00e9 par l\u2019utilisateur.<\/li>\n\n\n\n<li><strong>Cookies tiers :<\/strong> Ces cookies sont envoy\u00e9s \u00e0 l\u2019ordinateur ou \u00e0 l\u2019appareil de l\u2019utilisateur depuis un \u00e9quipement ou un domaine qui n\u2019est pas g\u00e9r\u00e9 par l\u2019\u00e9diteur, mais par une autre entit\u00e9 qui traite les donn\u00e9es obtenues par le biais des cookies.<\/li>\n<\/ul>\n\n\n\n<p><strong>Selon la finalit\u00e9 du cookie<\/strong>, ils peuvent \u00eatre class\u00e9s comme suit :<\/p>\n\n\n\n<ul class=\"wp-block-list\">\n<li><strong>Cookies strictement n\u00e9cessaires (techniques) :<\/strong> Ce sont celles qui permettent \u00e0 l\u2019utilisateur de naviguer sur un site web, une plateforme ou une application, et d\u2019utiliser les diff\u00e9rentes options ou services qui y sont propos\u00e9s. Ces cookies remplissent des fonctions essentielles, telles que le contr\u00f4le du trafic, l\u2019identification des donn\u00e9es ou des sessions, l\u2019acc\u00e8s \u00e0 des zones restreintes, la m\u00e9morisation des \u00e9l\u00e9ments d\u2019une commande, la gestion des paiements, la garantie de la s\u00e9curit\u00e9 du service, la participation \u00e0 des \u00e9v\u00e9nements, le stockage de contenus multim\u00e9dias et le partage de contenu sur les r\u00e9seaux sociaux. Ces cookies techniques sont t\u00e9l\u00e9charg\u00e9s automatiquement lors de l\u2019affichage du site ou de la prestation du service demand\u00e9 par l\u2019utilisateur.<\/li>\n\n\n\n<li><strong>Cookies de fonctionnalit\u00e9 ou de personnalisation :<\/strong> Ces cookies permettent de m\u00e9moriser des informations afin de fournir \u00e0 l\u2019utilisateur un service ou une plateforme avec des caract\u00e9ristiques sp\u00e9cifiques qui diff\u00e9rencient son exp\u00e9rience de celle des autres utilisateurs. Ces caract\u00e9ristiques peuvent inclure la langue, le nombre de r\u00e9sultats affich\u00e9s dans une recherche, l\u2019apparence ou le contenu du service en fonction du navigateur utilis\u00e9 ou de la r\u00e9gion \u00e0 partir de laquelle le service est accessible, entre autres. Ne pas accepter ces cookies peut entra\u00eener un fonctionnement lent du site web ou des recommandations inadapt\u00e9es.<\/li>\n\n\n\n<li><strong>Cookies d\u2019analyse :<\/strong> Ces cookies sont utilis\u00e9s pour recueillir des informations sur le nombre d\u2019utilisateurs, les sections visit\u00e9es du site web et leur interaction avec celui-ci. Ces donn\u00e9es sont utilis\u00e9es pour effectuer une analyse statistique de l\u2019utilisation du service, afin d\u2019identifier des domaines d\u2019am\u00e9lioration sur la base des mod\u00e8les d\u2019utilisation.<\/li>\n\n\n\n<li><strong>Cookies de publicit\u00e9 comportementale :<\/strong> Ces cookies enregistrent et stockent des informations sur les habitudes de navigation des utilisateurs, ce qui facilite la cr\u00e9ation de profils sp\u00e9cifiques afin d\u2019afficher des publicit\u00e9s personnalis\u00e9es. Ces cookies permettent une gestion efficace des espaces publicitaires que l\u2019\u00e9diteur a inclus, soit directement, soit en collaboration avec des tiers.<\/li>\n<\/ul>\n\n\n\n<h3 class=\"wp-block-heading\"><strong>3. FINALIT\u00c9 DES COOKIES SUR NOTRE SITE WEB<\/strong><\/h3>\n\n\n\n<p>Les cookies jouent un r\u00f4le fondamental dans le fonctionnement de notre site web. Leur objectif principal est de permettre une navigation plus fluide et efficace. Par exemple, ils sont utilis\u00e9s pour m\u00e9moriser vos pr\u00e9f\u00e9rences de navigation lors de vos visites actuelles et futures.<\/p>\n\n\n\n<p>Ils nous aident \u00e9galement \u00e0 personnaliser la publicit\u00e9 en fonction de vos habitudes de navigation. Les informations recueillies par le biais des cookies nous permettent d\u2019effectuer des estimations statistiques et des analyses d\u2019utilisation, telles que le nombre de visites et les sections les plus consult\u00e9es. Cela nous permet d\u2019am\u00e9liorer nos services et d\u2019adapter la plateforme \u00e0 vos int\u00e9r\u00eats individuels.<\/p>\n\n\n\n<p>Dans certains cas, nous utilisons des cookies pour collecter des informations nous permettant d\u2019afficher de la publicit\u00e9 bas\u00e9e sur vos habitudes de navigation, sur notre plateforme et sur celles de tiers.<\/p>\n\n\n\n<p>Vous trouverez ci-dessous les tiers qui peuvent installer et acc\u00e9der aux cookies sur votre appareil, ainsi que les finalit\u00e9s pour lesquelles les informations stock\u00e9es sont utilis\u00e9es :<\/p>\n\n\n\n<p><em>(PERSONNALISER ET CONFIGURER CE TABLEAU PAR LE PROGRAMMEUR EN INTRODUISANT LES COOKIES UTILIS\u00c9S PAR LE SITE)<\/em><\/p>\n\n\n\n<figure class=\"wp-block-table\"><table class=\"has-fixed-layout\"><thead><tr><th><strong>Finalit\u00e9<\/strong><\/th><th><strong>Tiers<\/strong><\/th><th><strong>Plus d\u2019informations<\/strong><\/th><\/tr><\/thead><tbody><tr><td><strong>Analyse :<\/strong> Les cookies analytiques sont utilis\u00e9s pour \u00e9laborer des profils de navigation et conna\u00eetre les pr\u00e9f\u00e9rences des utilisateurs afin d\u2019am\u00e9liorer l\u2019offre de produits et de services.<\/td><td>Google<\/td><td><a href=\"https:\/\/developers.google.com\/analytics\/devguides\/collection\/analyticsjs\/cookie-usage\" target=\"_blank\" rel=\"noopener\">Cliquez ici<\/a><\/td><\/tr><tr><td><strong>R\u00e9seaux sociaux :<\/strong> Les r\u00e9seaux sociaux avec lesquels nous interagissons sur notre site utilisent des cookies dans leurs boutons de partage. Nous n\u2019avons aucun contr\u00f4le ni acc\u00e8s aux r\u00e9sultats, ceux-ci relevant de la responsabilit\u00e9 de chaque r\u00e9seau social. Lorsqu\u2019un utilisateur s\u2019inscrit \u00e0 un service avec les identifiants d\u2019un r\u00e9seau social, il autorise ce r\u00e9seau \u00e0 enregistrer un cookie persistant qui se souvient de son identit\u00e9 et lui garantit l\u2019acc\u00e8s aux services jusqu\u2019\u00e0 expiration. L\u2019utilisateur peut supprimer ce cookie et r\u00e9voquer l\u2019acc\u00e8s aux services via les r\u00e9seaux sociaux en mettant \u00e0 jour ses pr\u00e9f\u00e9rences sur le r\u00e9seau concern\u00e9.<\/td><td>Facebook Connect<\/td><td><a href=\"https:\/\/www.facebook.com\/about\/privacy\" target=\"_blank\" rel=\"noopener\">Cliquez ici<\/a><\/td><\/tr><\/tbody><\/table><\/figure>\n\n\n\n<h3 class=\"wp-block-heading\"><strong>4. GESTION DES COOKIES SUR NOTRE SITE WEB<\/strong><\/h3>\n\n\n\n<p>Dans le panneau de configuration des cookies, accessible \u00e0 tout moment sur notre plateforme, vous trouverez des informations d\u00e9taill\u00e9es sur les cookies que nous utilisons. Ce panneau pr\u00e9cise leur finalit\u00e9, leur dur\u00e9e et leur gestionnaire (nous ou des tiers). Il vous permet d\u2019activer ou de d\u00e9sactiver les cookies non strictement n\u00e9cessaires au fonctionnement de la plateforme, ainsi que de modifier votre consentement \u00e0 tout moment.<\/p>\n\n\n\n<p>Vous pouvez acc\u00e9der \u00e0 la configuration en cliquant ici pour modifier vos pr\u00e9f\u00e9rences ou retirer votre consentement (ins\u00e9rer le lien).<\/p>\n\n\n\n<p>Par ailleurs, vous pouvez \u00e9galement d\u00e9sactiver l\u2019utilisation des cookies dans votre navigateur pendant votre navigation sur Internet. Voici comment proc\u00e9der dans les navigateurs les plus courants :<\/p>\n\n\n\n<ul class=\"wp-block-list\">\n<li>Google Chrome<\/li>\n\n\n\n<li>Mozilla Firefox<\/li>\n\n\n\n<li>Internet Explorer<\/li>\n\n\n\n<li>Microsoft Edge<\/li>\n\n\n\n<li>Safari<\/li>\n\n\n\n<li>Opera<\/li>\n<\/ul>\n\n\n\n<p>Vous pouvez exercer \u00e0 tout moment cette option visant \u00e0 \u00e9viter l\u2019utilisation des cookies. Veuillez noter que la gestion du panneau de configuration des cookies et l\u2019option de les refuser sont sp\u00e9cifiques \u00e0 chaque navigateur que vous utilisez.<\/p>\n\n\n\n<p>Ainsi, si vous configurez les cookies d\u2019une certaine mani\u00e8re sur un appareil et souhaitez appliquer cette option sur un autre appareil, vous devrez activer la m\u00eame configuration sur cet autre appareil.<\/p>\n\n\n\n<p>L\u2019utilisateur doit garder \u00e0 l\u2019esprit que certaines fonctionnalit\u00e9s du contenu de notre site web ne sont disponibles que si l\u2019installation de cookies est autoris\u00e9e dans son navigateur. Si vous d\u00e9cidez de ne pas accepter ou de bloquer certains cookies (selon leur finalit\u00e9), cela peut affecter, totalement ou partiellement, le bon fonctionnement du site ou emp\u00eacher l\u2019acc\u00e8s \u00e0 certains services.<\/p>\n\n\n\n<h3 class=\"wp-block-heading\"><strong>5. UTILISATION DES INFORMATIONS STOCK\u00c9ES DANS LES COOKIES<\/strong><\/h3>\n\n\n\n<p>Les informations stock\u00e9es dans les cookies de notre site web sont utilis\u00e9es uniquement par nous. Cependant, certains cookies tiers, g\u00e9r\u00e9s par des entit\u00e9s externes, peuvent \u00eatre utilis\u00e9s pour nous fournir des services suppl\u00e9mentaires. Pour plus de d\u00e9tails, veuillez consulter notre panneau de configuration des cookies, accessible \u00e0 tout moment sur notre site web.<\/p>\n\n\n\n<p>Nous vous sugg\u00e9rons de consulter notre <strong>Politique de confidentialit\u00e9<\/strong> sur notre site afin d\u2019obtenir des informations d\u00e9taill\u00e9es sur la mani\u00e8re dont vos donn\u00e9es personnelles sont trait\u00e9es dans le cadre de notre collaboration avec des tiers, ainsi que sur les transferts internationaux de donn\u00e9es. Nous vous recommandons \u00e9galement de consulter les politiques de confidentialit\u00e9 et les param\u00e8tres de confidentialit\u00e9 de ces partenaires externes via leurs propres plateformes.<\/p>\n\n\n\n<h3 class=\"wp-block-heading\"><strong>6. MISES \u00c0 JOUR ET MODIFICATIONS DE LA POLITIQUE DE COOKIES<\/strong><\/h3>\n\n\n\n<p>DG Invest Hospitality, S.L et IPIH Espagne, S.L peuvent modifier la pr\u00e9sente <strong>Politique de Cookies<\/strong> en fonction de nouvelles exigences l\u00e9gislatives ou r\u00e9glementaires, ou dans le but d\u2019adapter ladite politique aux instructions \u00e9mises par l\u2019<strong>Agence Espagnole de Protection des Donn\u00e9es<\/strong>.<\/p>\n\n\n\n<p>Si vous souhaitez obtenir plus d\u2019informations sur l\u2019utilisation que nous faisons des cookies, vous pouvez nous envoyer un e-mail \u00e0 : <strong><a>engage@engage-mh.com<\/a><\/strong><\/p>\n\n\n\n<p><\/p>\n","protected":false},"excerpt":{"rendered":"<p>DG Invest Hospitality, S.L et IPIH Espagne, S.L sont responsables du site web http:\/\/www.engage-mh.com, et utilisent des cookies et\/ou d\u2019autres fichiers de fonctionnalit\u00e9 similaire (ci-apr\u00e8s, les \u00ab Cookies \u00bb). Un cookie est un fichier texte qu\u2019un site web, une application ou une autre plateforme enregistre sur votre appareil, tel qu\u2019un ordinateur, une tablette ou un &hellip; <a href=\"https:\/\/engage-mh.com\/fr\/politica-de-cookies\/\">Continued<\/a><\/p>\n","protected":false},"author":1,"featured_media":1383,"parent":0,"menu_order":0,"comment_status":"closed","ping_status":"closed","template":"template-custom.blade.php","meta":{"_acf_changed":false,"inline_featured_image":false,"footnotes":""},"class_list":["post-1387","page","type-page","status-publish","has-post-thumbnail","hentry"],"acf":[],"_links":{"self":[{"href":"https:\/\/engage-mh.com\/fr\/wp-json\/wp\/v2\/pages\/1387","targetHints":{"allow":["GET"]}}],"collection":[{"href":"https:\/\/engage-mh.com\/fr\/wp-json\/wp\/v2\/pages"}],"about":[{"href":"https:\/\/engage-mh.com\/fr\/wp-json\/wp\/v2\/types\/page"}],"author":[{"embeddable":true,"href":"https:\/\/engage-mh.com\/fr\/wp-json\/wp\/v2\/users\/1"}],"replies":[{"embeddable":true,"href":"https:\/\/engage-mh.com\/fr\/wp-json\/wp\/v2\/comments?post=1387"}],"version-history":[{"count":2,"href":"https:\/\/engage-mh.com\/fr\/wp-json\/wp\/v2\/pages\/1387\/revisions"}],"predecessor-version":[{"id":1408,"href":"https:\/\/engage-mh.com\/fr\/wp-json\/wp\/v2\/pages\/1387\/revisions\/1408"}],"wp:featuredmedia":[{"embeddable":true,"href":"https:\/\/engage-mh.com\/fr\/wp-json\/wp\/v2\/media\/1383"}],"wp:attachment":[{"href":"https:\/\/engage-mh.com\/fr\/wp-json\/wp\/v2\/media?parent=1387"}],"curies":[{"name":"wp","href":"https:\/\/api.w.org\/{rel}","templated":true}]}}