{"id":1206,"date":"2025-08-20T13:45:31","date_gmt":"2025-08-20T11:45:31","guid":{"rendered":"https:\/\/engage.nubedev.es\/nouvelles\/"},"modified":"2025-11-11T11:01:04","modified_gmt":"2025-11-11T10:01:04","slug":"nouvelles","status":"publish","type":"page","link":"https:\/\/engage-mh.com\/fr\/nouvelles\/","title":{"rendered":"Nouvelles"},"content":{"rendered":"<section class=\"w-full flex flex-col relative justify-center min-h-[70vh]\">\n  <div class=\"swiper-hero w-full overflow-hidden h-[70vh]\">\n    <div class=\"swiper-wrapper w-full\">\n               <div class=\"swiper-slide\">\n          <div class=\"bg-black\/20 w-full h-full absolute inset-0 z-10\"><\/div>\n          <img decoding=\"async\" src=\"https:\/\/engage-mh.com\/wp-content\/uploads\/2025\/11\/pared-ibis-2.webp\" alt=\"\"\n          class=\"absolute inset-0 w-full h-full object-cover object-center\"> \n        <\/div>\n            <\/div>\n  <\/div>\n  <div class=\"absolute z-20 inset-0 flex flex-col items-center justify-center\">\n\n    \n          <h1 class=\"text-center text-3xl lg:text-4xl xl:text-5xl 2xl:text-6xl font-louis mb-4 text-white px-5 sombra\">\n          <p>Nouvelles<\/p>\n\n      <\/h1>\n    \n        \n    \n    \n    \n  <\/div>\n<\/section>\n\n\n\n\n<section class=\"max-w-7xl mx-auto px-10 xl:px-0 flex items-center justify-center gap-5 sm:gap-10 xl:gap-16 pt-4 sm:border-b-[1px] sm:border-primary line-anim \">\n                          <ul class=\"w-fit px-4 sm:px-0 sm:w-full flex flex-col sm:flex-row justify-center sm:justify-end items-center gap-2 pb-1\">\n                              <li>\n                  <a href=\"https:\/\/engage-mh.com\/fr\/category\/ouvertures-a-venir\/\" class=\"!no-underline text-xs sm:text-sm hover:text-primary uppercase text-secondary font-louis\">\n                    Ouvertures \u00e0 venir\n                  <\/a>\n                <\/li>\n                          <\/ul>\n          <\/section>\n\n<section class=\"container mx-auto 2xl:px-0 sm:px-10 px-5 flex items-center justify-center gap-5 sm:gap-10 xl:gap-16 pb-10 zonaFall pt-6 sm:pt-12\">\n\n        <div class=\"w-full flex flex-row flex-wrap items-start justify-center gap-5 sm:gap-10 w-full\">\n                            \n            <a href=\"https:\/\/engage-mh.com\/fr\/nouveau-hotel-ibis-styles-benidorm-ouvrira-ses-portes-en-2026\/\" class=\"w-full sm:w-1\/3 lg:w-1\/4 itemFall pt-8 !no-underline \">\n              <div class=\"flex flex-col items-center justify-center gap-5 group\">\n\n\n                  <svg class=\"w-24\" viewBox=\"0 0 179 72\" fill=\"none\" xmlns=\"http:\/\/www.w3.org\/2000\/svg\">\n                      <g clip-path=\"url(#clip0_57_233)\">\n                          <path d=\"M143.203 0V36.0025H107.401V0H71.599V36.0025H35.802V0H0V36.0025V72H35.802H71.599H107.401H143.203H179V36.0025V0H143.203Z\" fill=\"#F98512\"\/>\n                      <\/g>\n                      <defs>\n                          <clipPath id=\"clip0_57_233\">\n                              <rect width=\"179\" height=\"72\" fill=\"white\"\/>\n                          <\/clipPath>\n                      <\/defs>\n                  <\/svg>\n\n                  <div class=\"aspect-square w-full relative overflow-hidden\">\n                      <img decoding=\"async\" src=\"https:\/\/engage-mh.com\/wp-content\/uploads\/2025\/09\/benidorm-1024x682.webp\" alt=\"Nouveau h\u00f4tel ibis Styles Benidorm ouvrira ses portes en 2026\" \n                          class=\"object-cover w-full h-full transform transition-transform duration-500 ease-out group-hover:scale-110\" \/>\n                      <div class=\"absolute inset-0 bg-primary\/0 transition-colors duration-500 ease-out group-hover:bg-primary\/40\"><\/div>\n                  <\/div>\n\n                <div class=\"categories\">\n                                                                        <div class=\"bg-secondary group-hover:bg-primary px-2 py-1 uppercase font-louis text-[10px] text-white\">Ouvertures \u00e0 venir<\/div>\n                                                            <\/div>\n\n\n\n                                        <h3 class=\"min-h-[64px] font-sans text-eg-blue group-hover:text-primary text-lg sm:text-xl xl:text-2xl text-center flex items-center\" style=\"height:100px\">\n                          Nouveau h\u00f4tel ibis Styles Benidorm ouvrira ses portes en 2026\n                      <\/h3>\n                  \n\n                                        <div class=\"font-sans text-xs md:text-sm 2xl:text-base text-center text-foreground font-light\">\n                          \ud83c\udf34 Benidorm se pr\u00e9pare \u00e0 accueillir un nouvel h\u00f4tel 4 \u00e9toiles sous la marque ibis Styles, qui comptera 131 chambres, un bar, une terrasse&#8230;\n                      <\/div>\n                  \n        \n                  <div class=\"flex flex-wrap gap-4 align-center justify-start mt-auto\">\n                      <button \n                        class=\"font-louis font-light uppercase py-2 px-4 xl:px-6  text-xs sm:text-sm flex flex-row items-center gap-2 bg-primary text-white group-hover:bg-secondary group-hover:-translate-y-1 transition-all duration-300 ease-in-out\">\n                          En savoir plus\n                    <\/button>\n                  <\/div>\n              <\/div>\n            <\/a>\n                          \n            <a href=\"https:\/\/engage-mh.com\/fr\/nouvelle-marque-hoteliere-durable-a-venir-en-2026-greet\/\" class=\"w-full sm:w-1\/3 lg:w-1\/4 itemFall pt-8 !no-underline \">\n              <div class=\"flex flex-col items-center justify-center gap-5 group\">\n\n\n                  <svg class=\"w-24\" viewBox=\"0 0 179 72\" fill=\"none\" xmlns=\"http:\/\/www.w3.org\/2000\/svg\">\n                      <g clip-path=\"url(#clip0_57_233)\">\n                          <path d=\"M143.203 0V36.0025H107.401V0H71.599V36.0025H35.802V0H0V36.0025V72H35.802H71.599H107.401H143.203H179V36.0025V0H143.203Z\" fill=\"#F98512\"\/>\n                      <\/g>\n                      <defs>\n                          <clipPath id=\"clip0_57_233\">\n                              <rect width=\"179\" height=\"72\" fill=\"white\"\/>\n                          <\/clipPath>\n                      <\/defs>\n                  <\/svg>\n\n                  <div class=\"aspect-square w-full relative overflow-hidden\">\n                      <img decoding=\"async\" src=\"https:\/\/engage-mh.com\/wp-content\/uploads\/2025\/09\/greet-alicante-010-small.webp\" alt=\"Nouvelle marque h\u00f4teli\u00e8re durable \u00e0 venir en 2026: Greet\" \n                          class=\"object-cover w-full h-full transform transition-transform duration-500 ease-out group-hover:scale-110\" \/>\n                      <div class=\"absolute inset-0 bg-primary\/0 transition-colors duration-500 ease-out group-hover:bg-primary\/40\"><\/div>\n                  <\/div>\n\n                <div class=\"categories\">\n                                                                        <div class=\"bg-secondary group-hover:bg-primary px-2 py-1 uppercase font-louis text-[10px] text-white\">Ouvertures \u00e0 venir<\/div>\n                                                            <\/div>\n\n\n\n                                        <h3 class=\"min-h-[64px] font-sans text-eg-blue group-hover:text-primary text-lg sm:text-xl xl:text-2xl text-center flex items-center\" style=\"height:100px\">\n                          Nouvelle marque h\u00f4teli\u00e8re durable \u00e0 venir en 2026: Greet\n                      <\/h3>\n                  \n\n                                        <div class=\"font-sans text-xs md:text-sm 2xl:text-base text-center text-foreground font-light\">\n                          \ud83c\udf3f Le premier semestre 2026 marquera l\u2019arriv\u00e9e de Greet, une nouvelle marque d\u2019h\u00f4tels durables misant sur l\u2019hospitalit\u00e9&#8230;\n                      <\/div>\n                  \n        \n                  <div class=\"flex flex-wrap gap-4 align-center justify-start mt-auto\">\n                      <button \n                        class=\"font-louis font-light uppercase py-2 px-4 xl:px-6  text-xs sm:text-sm flex flex-row items-center gap-2 bg-primary text-white group-hover:bg-secondary group-hover:-translate-y-1 transition-all duration-300 ease-in-out\">\n                          En savoir plus\n                    <\/button>\n                  <\/div>\n              <\/div>\n            <\/a>\n                          \n            <a href=\"https:\/\/engage-mh.com\/fr\/nouvel-ibis-budget-cordoba-ouvrira-en-2027\/\" class=\"w-full sm:w-1\/3 lg:w-1\/4 itemFall pt-8 !no-underline \">\n              <div class=\"flex flex-col items-center justify-center gap-5 group\">\n\n\n                  <svg class=\"w-24\" viewBox=\"0 0 179 72\" fill=\"none\" xmlns=\"http:\/\/www.w3.org\/2000\/svg\">\n                      <g clip-path=\"url(#clip0_57_233)\">\n                          <path d=\"M143.203 0V36.0025H107.401V0H71.599V36.0025H35.802V0H0V36.0025V72H35.802H71.599H107.401H143.203H179V36.0025V0H143.203Z\" fill=\"#F98512\"\/>\n                      <\/g>\n                      <defs>\n                          <clipPath id=\"clip0_57_233\">\n                              <rect width=\"179\" height=\"72\" fill=\"white\"\/>\n                          <\/clipPath>\n                      <\/defs>\n                  <\/svg>\n\n                  <div class=\"aspect-square w-full relative overflow-hidden\">\n                      <img decoding=\"async\" src=\"https:\/\/engage-mh.com\/wp-content\/uploads\/2025\/08\/casco-historico-cordoba-1024x768.webp\" alt=\"Nouvel Ibis Budget C\u00f3rdoba ouvrira en 2027\" \n                          class=\"object-cover w-full h-full transform transition-transform duration-500 ease-out group-hover:scale-110\" \/>\n                      <div class=\"absolute inset-0 bg-primary\/0 transition-colors duration-500 ease-out group-hover:bg-primary\/40\"><\/div>\n                  <\/div>\n\n                <div class=\"categories\">\n                                                                        <div class=\"bg-secondary group-hover:bg-primary px-2 py-1 uppercase font-louis text-[10px] text-white\">Ouvertures \u00e0 venir<\/div>\n                                                            <\/div>\n\n\n\n                                        <h3 class=\"min-h-[64px] font-sans text-eg-blue group-hover:text-primary text-lg sm:text-xl xl:text-2xl text-center flex items-center\" style=\"height:100px\">\n                          Nouvel Ibis Budget C\u00f3rdoba ouvrira en 2027\n                      <\/h3>\n                  \n\n                                        <div class=\"font-sans text-xs md:text-sm 2xl:text-base text-center text-foreground font-light\">\n                          \ud83c\udfe8 La ville de C\u00f3rdoba accueillera en 2027 un nouvel h\u00f4tel de la marque ibis Budget, qui offrira 96 chambres modernes&#8230;\n                      <\/div>\n                  \n        \n                  <div class=\"flex flex-wrap gap-4 align-center justify-start mt-auto\">\n                      <button \n                        class=\"font-louis font-light uppercase py-2 px-4 xl:px-6  text-xs sm:text-sm flex flex-row items-center gap-2 bg-primary text-white group-hover:bg-secondary group-hover:-translate-y-1 transition-all duration-300 ease-in-out\">\n                          En savoir plus\n                    <\/button>\n                  <\/div>\n              <\/div>\n            <\/a>\n          <\/div>\n    \n<\/section>","protected":false},"excerpt":{"rendered":"","protected":false},"author":1,"featured_media":0,"parent":0,"menu_order":0,"comment_status":"closed","ping_status":"closed","template":"","meta":{"_acf_changed":false,"inline_featured_image":false,"footnotes":""},"class_list":["post-1206","page","type-page","status-publish","hentry"],"acf":[],"_links":{"self":[{"href":"https:\/\/engage-mh.com\/fr\/wp-json\/wp\/v2\/pages\/1206","targetHints":{"allow":["GET"]}}],"collection":[{"href":"https:\/\/engage-mh.com\/fr\/wp-json\/wp\/v2\/pages"}],"about":[{"href":"https:\/\/engage-mh.com\/fr\/wp-json\/wp\/v2\/types\/page"}],"author":[{"embeddable":true,"href":"https:\/\/engage-mh.com\/fr\/wp-json\/wp\/v2\/users\/1"}],"replies":[{"embeddable":true,"href":"https:\/\/engage-mh.com\/fr\/wp-json\/wp\/v2\/comments?post=1206"}],"version-history":[{"count":2,"href":"https:\/\/engage-mh.com\/fr\/wp-json\/wp\/v2\/pages\/1206\/revisions"}],"predecessor-version":[{"id":1570,"href":"https:\/\/engage-mh.com\/fr\/wp-json\/wp\/v2\/pages\/1206\/revisions\/1570"}],"wp:attachment":[{"href":"https:\/\/engage-mh.com\/fr\/wp-json\/wp\/v2\/media?parent=1206"}],"curies":[{"name":"wp","href":"https:\/\/api.w.org\/{rel}","templated":true}]}}