{"id":1153,"date":"2025-08-27T10:29:38","date_gmt":"2025-08-27T08:29:38","guid":{"rendered":"https:\/\/engage.nubedev.es\/contacto\/"},"modified":"2025-11-10T13:23:08","modified_gmt":"2025-11-10T12:23:08","slug":"contacto","status":"publish","type":"page","link":"https:\/\/engage-mh.com\/fr\/contacto\/","title":{"rendered":"Contact"},"content":{"rendered":"<section class=\"w-full flex flex-col relative justify-center min-h-[70vh]\">\n  <div class=\"swiper-hero w-full overflow-hidden h-[70vh]\">\n    <div class=\"swiper-wrapper w-full\">\n               <div class=\"swiper-slide\">\n          <div class=\"bg-black\/20 w-full h-full absolute inset-0 z-10\"><\/div>\n          <img decoding=\"async\" src=\"https:\/\/engage-mh.com\/wp-content\/uploads\/2025\/08\/ibis-Oviedo-Lobby.webp\" alt=\"\"\n          class=\"absolute inset-0 w-full h-full object-cover object-center\"> \n        <\/div>\n            <\/div>\n  <\/div>\n  <div class=\"absolute z-20 inset-0 flex flex-col items-center justify-center\">\n\n    \n          <h1 class=\"text-center text-3xl lg:text-4xl xl:text-5xl 2xl:text-6xl font-louis mb-4 text-white px-5 sombra\">\n          <p>Contact<\/p>\n\n      <\/h1>\n    \n        \n    \n    \n    \n  <\/div>\n<\/section>\n\n\n<section class=\"container mx-auto\">\n    \n  <div class=\"transition-all ease-in-out duration-300 mx-auto font-louis py-20 px-4 sm:px-12 lg:px-20 flex flex-col gap-12 lg:gap-24\">\n    <div class=\"w-full flex gap-12 justify-between items-center\">\n            <div class=\"w-full  lg:w-1\/4 flex pt-4 justify-center  sm:justify-start lg:justify-end\">\n          <img decoding=\"async\" src=\"https:\/\/engage-mh.com\/wp-content\/uploads\/2025\/08\/Layer_11.svg\" alt=\"\">\n      <\/div>\n      \n             <div class=\"text-secondary  pt-4 w-full  lg:w-1\/3 flex pt-4 justify-center sm:justify-start lg:justify-end text-center sm:text-start font-louis font-light text-2xl sm:text-3xl xl:text-4xl 2xl:text-5xl\">\n        Contactez-nous\n      <\/div>\n          <\/div>\n\n\n    <div class=\"flex flex-col lg:flex-row gap-8\">\n\n      <div class=\"w-full  lg:w-2\/5 flex justify-center \">\n          <img decoding=\"async\" src=\"https:\/\/engage-mh.com\/wp-content\/uploads\/2025\/10\/contacto2.webp\" alt=\"\" class=\"w-full h-full object-cover\">\n      <\/div>\n\n      <div class=\"w-full lg:w-3\/5 flex flex-col items-center justify-center sm:pt-4\">\n          <div class=\"text-foreground text-sm sm:text-base flex flex-col gap-4 sm:items-start items-center text-center sm:text-start\"> \n\n             \n            <p>Nous sommes \u00e0 votre disposition pour r\u00e9pondre \u00e0 toutes vos questions ou vous fournir des informations compl\u00e9mentaires. Vous pouvez nous \u00e9crire directement \u00e0 notre adresse e-mail, ou, si vous le pr\u00e9f\u00e9rez, nous envoyer votre demande via le formulaire de contact. <\/p>\n<p>Nous serons ravis de vous r\u00e9pondre et de vous aider dans tout ce dont vous avez besoin.<\/p>\n\n            \t\t\t  \n\t\t\t              \n            \n                        <a href=\"mailto:engage@engage-mh.com\" target=\"_blank\" class=\"text-sm sm:text-base !no-underline flex gap-2 mail active-link hover:text-primary transition-color duration-300 easy-in-out\"> \n              <svg class=\"h-5 w-auto\" width=\"800px\" height=\"800px\" viewBox=\"0 0 24 24\" fill=\"none\" xmlns=\"http:\/\/www.w3.org\/2000\/svg\">\n                                            <path class=\"transition-color duration-300 easy-in-out\" d=\"M4 7.00005L10.2 11.65C11.2667 12.45 12.7333 12.45 13.8 11.65L20 7\" stroke=\"#122677\" stroke-width=\"2\" stroke-linecap=\"round\" stroke-linejoin=\"round\"><\/path>\n                                            <rect x=\"3\" y=\"5\" width=\"18\" height=\"14\" rx=\"2\" stroke=\"#122677\" stroke-width=\"2\" stroke-linecap=\"round\"><\/rect>\n              <\/svg>\n              engage@engage-mh.com\n            <\/a>\n                          \n          <\/div>\n          <div class=\"mt-4\">\n             \n            \n<div class=\"wpcf7 no-js\" id=\"wpcf7-f1160-o1\" lang=\"fr-FR\" dir=\"ltr\" data-wpcf7-id=\"1160\">\n<div class=\"screen-reader-response\"><p role=\"status\" aria-live=\"polite\" aria-atomic=\"true\"><\/p> <ul><\/ul><\/div>\n<form action=\"\/fr\/wp-json\/wp\/v2\/pages\/1153#wpcf7-f1160-o1\" method=\"post\" class=\"wpcf7-form init\" aria-label=\"Formulaire de contact\" novalidate=\"novalidate\" data-status=\"init\">\n<fieldset class=\"hidden-fields-container\"><input type=\"hidden\" name=\"_wpcf7\" value=\"1160\" \/><input type=\"hidden\" name=\"_wpcf7_version\" value=\"6.1.3\" \/><input type=\"hidden\" name=\"_wpcf7_locale\" value=\"fr_FR\" \/><input type=\"hidden\" name=\"_wpcf7_unit_tag\" value=\"wpcf7-f1160-o1\" \/><input type=\"hidden\" name=\"_wpcf7_container_post\" value=\"0\" \/><input type=\"hidden\" name=\"_wpcf7_posted_data_hash\" value=\"\" \/><input type=\"hidden\" name=\"_wpcf7_recaptcha_response\" value=\"\" \/>\n<\/fieldset>\n<div class=\"form-row\">\n\t<p><span class=\"wpcf7-form-control-wrap\" data-name=\"your-name\"><input size=\"40\" maxlength=\"400\" class=\"wpcf7-form-control wpcf7-text wpcf7-validates-as-required\" autocomplete=\"name\" aria-required=\"true\" aria-invalid=\"false\" placeholder=\"Nom*\" value=\"\" type=\"text\" name=\"your-name\" \/><\/span>\n\t<\/p>\n\t<p><span class=\"wpcf7-form-control-wrap\" data-name=\"your-email\"><input size=\"40\" maxlength=\"400\" class=\"wpcf7-form-control wpcf7-email wpcf7-validates-as-required wpcf7-text wpcf7-validates-as-email\" aria-required=\"true\" aria-invalid=\"false\" placeholder=\"E-mail*\" value=\"\" type=\"email\" name=\"your-email\" \/><\/span>\n\t<\/p>\n<\/div>\n<div class=\"form-row\">\n\t<p><span class=\"wpcf7-form-control-wrap\" data-name=\"your-phone\"><input size=\"40\" maxlength=\"400\" class=\"wpcf7-form-control wpcf7-tel wpcf7-text wpcf7-validates-as-tel\" aria-invalid=\"false\" placeholder=\"T\u00e9l\u00e9phone\" value=\"\" type=\"tel\" name=\"your-phone\" \/><\/span>\n\t<\/p>\n\t<p><span class=\"wpcf7-form-control-wrap\" data-name=\"your-message\"><textarea cols=\"5\" rows=\"1\" maxlength=\"2000\" class=\"wpcf7-form-control wpcf7-textarea wpcf7-validates-as-required\" aria-required=\"true\" aria-invalid=\"false\" placeholder=\"Message*\" name=\"your-message\"><\/textarea><\/span>\n\t<\/p>\n\t<p><input class=\"wpcf7-form-control wpcf7-submit has-spinner\" type=\"submit\" value=\"ENVOYER\" \/>\n\t<\/p>\n<\/div>\n<div class=\"last-form-row\">\n\t<p><span class=\"wpcf7-form-control-wrap\" data-name=\"terminos\"><span class=\"wpcf7-form-control wpcf7-acceptance\"><span class=\"wpcf7-list-item\"><label><input type=\"checkbox\" name=\"terminos\" value=\"1\" class=\"terminos\" aria-invalid=\"false\" \/><span class=\"wpcf7-list-item-label\">J\u2019accepte les <a href=\"\/politica-de-privacidad\/\" target=\"_blank\">conditions g\u00e9n\u00e9rales<\/a><\/span><\/label><\/span><\/span><\/span>\n\t<\/p>\n<\/div><div class=\"wpcf7-response-output\" aria-hidden=\"true\"><\/div>\n<\/form>\n<\/div>\n\n                      <\/div>\n     \n      <\/div>\n \n    <\/div>\n  <\/div>\n<\/section>\n","protected":false},"excerpt":{"rendered":"","protected":false},"author":1,"featured_media":0,"parent":0,"menu_order":0,"comment_status":"closed","ping_status":"closed","template":"","meta":{"_acf_changed":false,"inline_featured_image":false,"footnotes":""},"class_list":["post-1153","page","type-page","status-publish","hentry"],"acf":[],"_links":{"self":[{"href":"https:\/\/engage-mh.com\/fr\/wp-json\/wp\/v2\/pages\/1153","targetHints":{"allow":["GET"]}}],"collection":[{"href":"https:\/\/engage-mh.com\/fr\/wp-json\/wp\/v2\/pages"}],"about":[{"href":"https:\/\/engage-mh.com\/fr\/wp-json\/wp\/v2\/types\/page"}],"author":[{"embeddable":true,"href":"https:\/\/engage-mh.com\/fr\/wp-json\/wp\/v2\/users\/1"}],"replies":[{"embeddable":true,"href":"https:\/\/engage-mh.com\/fr\/wp-json\/wp\/v2\/comments?post=1153"}],"version-history":[{"count":2,"href":"https:\/\/engage-mh.com\/fr\/wp-json\/wp\/v2\/pages\/1153\/revisions"}],"predecessor-version":[{"id":1547,"href":"https:\/\/engage-mh.com\/fr\/wp-json\/wp\/v2\/pages\/1153\/revisions\/1547"}],"wp:attachment":[{"href":"https:\/\/engage-mh.com\/fr\/wp-json\/wp\/v2\/media?parent=1153"}],"curies":[{"name":"wp","href":"https:\/\/api.w.org\/{rel}","templated":true}]}}