{"id":1126,"date":"2025-08-22T13:33:53","date_gmt":"2025-08-22T11:33:53","guid":{"rendered":"https:\/\/engage.nubedev.es\/activite\/"},"modified":"2025-11-10T13:21:32","modified_gmt":"2025-11-10T12:21:32","slug":"activite","status":"publish","type":"page","link":"https:\/\/engage-mh.com\/fr\/activite\/","title":{"rendered":"Activit\u00e9"},"content":{"rendered":"<section class=\"w-full flex flex-col relative justify-center min-h-[70vh]\">\n  <div class=\"swiper-hero w-full overflow-hidden h-[70vh]\">\n    <div class=\"swiper-wrapper w-full\">\n               <div class=\"swiper-slide\">\n          <div class=\"bg-black\/20 w-full h-full absolute inset-0 z-10\"><\/div>\n          <img decoding=\"async\" src=\"https:\/\/engage-mh.com\/wp-content\/uploads\/2025\/10\/greet06.webp\" alt=\"\"\n          class=\"absolute inset-0 w-full h-full object-cover object-center\"> \n        <\/div>\n            <\/div>\n  <\/div>\n  <div class=\"absolute z-20 inset-0 flex flex-col items-center justify-center\">\n\n    \n          <h1 class=\"text-center text-3xl lg:text-4xl xl:text-5xl 2xl:text-6xl font-louis mb-4 text-white px-5 sombra\">\n          <p>Activit\u00e9<\/p>\n\n      <\/h1>\n    \n        \n    \n    \n    \n  <\/div>\n<\/section>\n\n\n\n\n<section class=\"container mx-auto pt-10 lg:pt-20 2xl:px-0 px-5 sm:px-10 overflow-hidden flex flex-col items-center justify-center gap-5 font-sans fadeIn\">\n  \n  \n    <div class=\"text-lg lg:text-xl xl:text-2xl text-center font-louis text-foreground xl:leading-10 lg:w-4\/5  text-center\"><p>Engage Management Hospitality concentre une vaste exp\u00e9rience dans le domaine de l\u2019h\u00f4tellerie.<\/p>\n<\/div>\n  \n    <div class=\"mt-4 font-light text-sm lg:text-base text-foreground w-full   w-full lg:w-4\/5  text-center\"><p>Nous sommes sp\u00e9cialis\u00e9s dans l\u2019h\u00e9bergement et la restauration, accompagnant le client \u00e0 chaque \u00e9tape de son exp\u00e9rience. De plus, nous offrons un accompagnement complet pour tout le cycle de vie de l\u2019h\u00f4tel, depuis sa cr\u00e9ation jusqu\u2019\u00e0 son exploitation.<\/p>\n<\/div>\n  \n  <\/section>\n\n<section class=\"container mx-auto pt-10 lg:pt-20 2xl:px-0 px-5 sm:px-10 overflow-hidden flex gap-8 sm:gap-10 xl:gap-20 zonaFall flex-col lg:flex-row items-stretch\">\n\n\n\n  <div class=\"w-full lg:w-2\/5 flex itemFall \">\n    <img decoding=\"async\" src=\"https:\/\/engage-mh.com\/wp-content\/uploads\/2025\/10\/18524.jpg\" class=\"w-full max-h-[350px] lg:max-h-none object-cover\" alt=\"\">\n  <\/div>\n\n\n  <div class=\"w-full lg:w-3\/5 flex flex-col gap-5 font-sans itemFall justify-center text-center lg:text-start lg:items-start\">\n    \n\n  <div  class=\"w-full flex gap-1 items-center text-center justify-center lg:text-start lg:justify-start\">\n    \n\n              <img decoding=\"async\" src=\"https:\/\/engage-mh.com\/wp-content\/uploads\/2025\/10\/ENGG_Iconos-Web_No-Molestar-1-2.svg\" class=\"w-auto h-[40px] lg:h-[50px] xl:h-[60px] object-contain\" alt=\"\">\n      \n      \n   \n\n              <h2 class=\"uppercase text-2xl lg:text-3xl xl:text-5xl font-louis text-secondary titulo-mixto-orange\"><p>H\u00f4tellerie<\/p>\n<\/h2>\n      \n    <\/div>\n          <div class=\"mt-4 font-light text-sm lg:text-base text-foreground w-full sm:px-0 px-5 listable \">\n        <p>Chez EMH, nous croyons que la qualit\u00e9 doit \u00eatre accessible \u00e0 tous. C\u2019est pourquoi nous proposons des exp\u00e9riences uniques, con\u00e7ues pour surprendre et laisser une empreinte inoubliable \u00e0 chaque client. Nous voulons que chaque s\u00e9jour devienne un souvenir m\u00e9morable.<\/p>\n<p>&nbsp;<\/p>\n<p>Actuellement, nous op\u00e9rons sous les marques Accor et Hilton Hotels &amp; Resorts.<\/p>\n\n      <\/div>\n    \n    \n              <div class=\"2xl:pt-8 w-full flex flex-col md:flex-row lg:flex-col  xl:flex-row  justify-center items-center gap-16 2xl:gap-32 my-16 sm:my-20 items-stretch\">\n            <div class=\"w-full 2xl:w-1\/2 border-[1px] border-primary flex flex-col justify-center items-center px-8 transition-all easy-in-out duration-300\">\n        <div class=\"icon_wrapper  w-[100px] sm:w-[150px] -translate-y-[40px] sm:-translate-y-[60px]\">\n          <img decoding=\"async\" src=\"https:\/\/engage-mh.com\/wp-content\/uploads\/2025\/08\/Screenshot-2025-08-08-at-13.02.08.svg\" alt=\"Socios\" class=\"w-full h-full object-cover\">\n        <\/div>\n\n        <div class=\"icon_wrapper w-[250px] md:w-[300px]  -translate-y-[40px]\">\n          <img decoding=\"async\" src=\"https:\/\/engage-mh.com\/wp-content\/uploads\/2025\/10\/MARCAS-ORDEN.svg\" alt=\"Socios\" class=\"w-full h-full object-cover\">\n        <\/div>\n      <\/div>\n      \n            <div class=\"w-full  2xl:w-1\/2 border-[1px] border-primary flex flex-col justify-center items-center px-8 transition-all easy-in-out duration-300\">\n        <div class=\"icon_wrapper  w-[120px] sm:w-[150px] md:w-[160px] -translate-y-[40px] md:-translate-y-[100px] lg:-translate-y-[60px] xl:-translate-y-[100px]\">\n          <img decoding=\"async\" src=\"https:\/\/engage-mh.com\/wp-content\/uploads\/2025\/08\/image-3.svg\" alt=\"Socios\" class=\"w-full h-full object-cover\">\n        <\/div>\n\n        <div class=\"icon_wrapper  w-[100px] md:w-[150px] -translate-y-[20px] md:-translate-y-[40px]\">\n          <img decoding=\"async\" src=\"https:\/\/engage-mh.com\/wp-content\/uploads\/2025\/08\/Capa_1.svg\" alt=\"Socios\" class=\"w-full h-full object-cover\">\n        <\/div>\n      <\/div>\n          <\/div>\n        \n    \n  <\/div>\n\n\n<\/section>\n\n\n<section class=\"container mx-auto pt-10 lg:pt-20 2xl:px-0 px-5 sm:px-10 overflow-hidden flex gap-8 sm:gap-10 xl:gap-20 zonaFall flex-col lg:flex-row-reverse items-stretch\">\n\n\n\n  <div class=\"w-full lg:w-2\/5 flex itemFall \">\n    <img decoding=\"async\" src=\"https:\/\/engage-mh.com\/wp-content\/uploads\/2025\/10\/2025.jpg\" class=\"w-full max-h-[350px] lg:max-h-none object-cover\" alt=\"\">\n  <\/div>\n\n\n  <div class=\"w-full lg:w-3\/5 flex flex-col gap-5 font-sans itemFall justify-center text-center lg:text-end lg:items-end\">\n    \n\n  <div  class=\"w-full flex gap-1 items-center text-center justify-center lg:text-end lg:justify-end\">\n    \n\n              <img decoding=\"async\" src=\"https:\/\/engage-mh.com\/wp-content\/uploads\/2025\/10\/ENGG_Iconos-Web_Restauracion-02-1-2.svg\" class=\"w-auto h-[40px] lg:h-[50px] xl:h-[60px] object-contain\" alt=\"\">\n      \n              <h2 class=\"uppercase text-2xl lg:text-3xl xl:text-5xl text-secondary font-louis\">Restauration<\/h2>\n      \n   \n\n      \n    <\/div>\n          <div class=\"mt-4 font-light text-sm lg:text-base text-foreground w-full sm:px-0 px-5 listable listable-end\">\n        <p>Dans nos h\u00f4tels, la restauration est bien plus qu\u2019un service : c\u2019est une exp\u00e9rience qui compl\u00e8te et enrichit chaque s\u00e9jour. Nous adaptons des concepts gastronomiques allant des propositions rapides de snacking \u00e0 la cuisine gastronomique, id\u00e9ales pour tous types de clients, de groupes et d\u2019\u00e9v\u00e9nements.<\/p>\n<p>Nous misons sur une cuisine responsable, fond\u00e9e sur des produits frais, de saison et ax\u00e9e sur le v\u00e9g\u00e9tal, sans jamais renoncer au go\u00fbt ni \u00e0 la qualit\u00e9. Bien manger, c\u2019est durable et agr\u00e9able.<\/p>\n\n      <\/div>\n    \n    \n        \n                  <a href=\"\/fr\/contacto\/\" target=\"\" class=\"mx-auto lg:mx-0 !w-fit bg-primary hover:bg-secondary py-2 px-6 text-white font-louis !no-underline flex flex-row items-center gap-2 boton-tlf hover:-translate-y-1 transition-all duration-300 ease-in-out\">\n          <span class=\"text-sm uppercase text-center\">D\u00e9veloppez un projet h\u00f4telier<\/span>\n        <\/a>\n          \n  <\/div>\n\n\n<\/section>\n\n\n<section class=\"container mx-auto 2xl:px-0 sm:px-10 px-5 flex items-center justify-center mt-0 lg:mt-24 gap-5 py-12 sm:gap-10 xl:gap-16  fadeIn\"   id=\"ci\">\n\n    <div class=\"w-full flex flex-row items-center justify-center gap-5 sm:gap-10 w-full\">\n\n        <button class=\"swiper-imagenes-logo-prev cursor-pointer\">\n            <svg xmlns=\"http:\/\/www.w3.org\/2000\/svg\" fill=\"none\" viewBox=\"0 0 24 24\" stroke-width=\"1.5\"\n                stroke=\"currentColor\" class=\"size-8 stroke-primary\">\n                <path stroke-linecap=\"round\" stroke-linejoin=\"round\" d=\"M15.75 19.5 8.25 12l7.5-7.5\" \/>\n            <\/svg>\n        <\/button>\n\n <div class=\"swiper-imagenes-logo w-full h-full overflow-x-hidden flex items-center justify-center\">\n    <div class=\"swiper-wrapper grid grid-cols-1 sm:grid-cols-2\">\n                    <div class=\"swiper-slide h-full flex items-center justify-center\">\n                <div class=\"flex flex-col items-center justify-center gap-5 group\">\n\n                    <div class=\"max-h-[120px] w-full relative overflow-hidden\">\n                        <img decoding=\"async\" src=\"https:\/\/engage-mh.com\/wp-content\/uploads\/2025\/08\/Screenshot-2025-08-08-at-13.02.18.svg\" alt=\"Logo Sofitel Hotels &amp; Resorts\" \n                            class=\"object-contain max-h-[100px] w-full transform transition-transform duration-500 ease-out group-hover:scale-105\" \/>\n  \n                    <\/div>\n\n                                            <h3 class=\"font-sans text-secondary text-lg sm:text-xl xl:text-2xl text-center\">\n                            <div class=\"text-center font-louis text-eg-blue text-lg lg:text-xl xl:text-2xl uppercase\">\n<p>Where live lives<\/p>\n<\/div>\n\n                        <\/h3>\n                    \n                                            <div class=\"font-sans text-xs md:text-sm 2xl:text-base text-center font-light text-foreground\">\n                            <div class=\"text-center font-light font-sans text-foreground text-sm lg:text-base\">\n<p>Nous vous souhaitons la bienvenue chez Sofitel.<br \/>\nL\u00e0 o\u00f9 l\u2019essence fran\u00e7aise impr\u00e8gne chaque moment.<\/p>\n<\/div>\n\n                        <\/div>\n                    \n                    <div class=\"flex flex-wrap gap-4 align-center justify-start mt-auto\">\n                                            <\/div>\n                <\/div>\n            <\/div>\n                    <div class=\"swiper-slide h-full flex items-center justify-center\">\n                <div class=\"flex flex-col items-center justify-center gap-5 group\">\n\n                    <div class=\"max-h-[120px] w-full relative overflow-hidden\">\n                        <img decoding=\"async\" src=\"https:\/\/engage-mh.com\/wp-content\/uploads\/2025\/08\/Vector7.svg\" alt=\"Logo Ibis Styles\" \n                            class=\"object-contain max-h-[100px] w-full transform transition-transform duration-500 ease-out group-hover:scale-105\" \/>\n  \n                    <\/div>\n\n                                            <h3 class=\"font-sans text-secondary text-lg sm:text-xl xl:text-2xl text-center\">\n                            <div class=\"text-center font-louis text-eg-blue text-lg lg:text-xl xl:text-2xl uppercase\">\n<p>Nourrissez votre cr\u00e9ativit\u00e9<\/p>\n<\/div>\n\n                        <\/h3>\n                    \n                                            <div class=\"font-sans text-xs md:text-sm 2xl:text-base text-center font-light text-foreground\">\n                            <div class=\"text-center font-light font-sans text-foreground text-sm lg:text-base\">\n<p>Des h\u00f4tels au design th\u00e9matique unique, o\u00f9 les cr\u00e9ateurs se rencontrent et o\u00f9 les clients trouvent tout ce dont ils ont besoin pour un s\u00e9jour r\u00e9confortant et agr\u00e9able.<\/p>\n<\/div>\n\n                        <\/div>\n                    \n                    <div class=\"flex flex-wrap gap-4 align-center justify-start mt-auto\">\n                                            <\/div>\n                <\/div>\n            <\/div>\n                    <div class=\"swiper-slide h-full flex items-center justify-center\">\n                <div class=\"flex flex-col items-center justify-center gap-5 group\">\n\n                    <div class=\"max-h-[120px] w-full relative overflow-hidden\">\n                        <img decoding=\"async\" src=\"https:\/\/engage-mh.com\/wp-content\/uploads\/2025\/08\/Vector6.svg\" alt=\"Logo Ibis\" \n                            class=\"object-contain max-h-[100px] w-full transform transition-transform duration-500 ease-out group-hover:scale-105\" \/>\n  \n                    <\/div>\n\n                                            <h3 class=\"font-sans text-secondary text-lg sm:text-xl xl:text-2xl text-center\">\n                            <div class=\"text-center font-louis text-eg-blue text-lg lg:text-xl xl:text-2xl uppercase\">\n<p>Ouvert \u00e0 tous<\/p>\n<\/div>\n\n                        <\/h3>\n                    \n                                            <div class=\"font-sans text-xs md:text-sm 2xl:text-base text-center font-light text-foreground\">\n                            <div class=\"text-center font-light font-sans text-foreground text-sm lg:text-base\">\n<p>O\u00f9 que vous alliez, sentez-vous chez vous avec ibis, o\u00f9 les amis se retrouvent et se d\u00e9tendent dans le confort d\u2019un lieu \u00e9conomique, mais avec tous les petits d\u00e9tails qui comptent.<\/p>\n<\/div>\n\n                        <\/div>\n                    \n                    <div class=\"flex flex-wrap gap-4 align-center justify-start mt-auto\">\n                                            <\/div>\n                <\/div>\n            <\/div>\n                    <div class=\"swiper-slide h-full flex items-center justify-center\">\n                <div class=\"flex flex-col items-center justify-center gap-5 group\">\n\n                    <div class=\"max-h-[120px] w-full relative overflow-hidden\">\n                        <img decoding=\"async\" src=\"https:\/\/engage-mh.com\/wp-content\/uploads\/2025\/08\/Group-59.svg\" alt=\"Logo Ibis Budget\" \n                            class=\"object-contain max-h-[100px] w-full transform transition-transform duration-500 ease-out group-hover:scale-105\" \/>\n  \n                    <\/div>\n\n                                            <h3 class=\"font-sans text-secondary text-lg sm:text-xl xl:text-2xl text-center\">\n                            <div class=\"text-center font-louis text-eg-blue text-lg lg:text-xl xl:text-2xl uppercase\">\n<p>Pr\u00eat, Feu, Partez!<\/p>\n<\/div>\n\n                        <\/h3>\n                    \n                                            <div class=\"font-sans text-xs md:text-sm 2xl:text-base text-center font-light text-foreground\">\n                            <div class=\"text-center font-light font-sans text-foreground text-sm lg:text-base\">\n<p>Un maximum de plaisir \u00e0 un co\u00fbt minimum. Gr\u00e2ce \u00e0 la r\u00e9putation de confort garanti, nos h\u00f4tels sont accueillants, nous connectent et nous remplissent d\u2019\u00e9nergie.<\/p>\n<\/div>\n\n                        <\/div>\n                    \n                    <div class=\"flex flex-wrap gap-4 align-center justify-start mt-auto\">\n                                            <\/div>\n                <\/div>\n            <\/div>\n                    <div class=\"swiper-slide h-full flex items-center justify-center\">\n                <div class=\"flex flex-col items-center justify-center gap-5 group\">\n\n                    <div class=\"max-h-[120px] w-full relative overflow-hidden\">\n                        <img decoding=\"async\" src=\"https:\/\/engage-mh.com\/wp-content\/uploads\/2025\/08\/Screenshot-2025-08-08-at-13.02.15.svg\" alt=\"Logo Greet\" \n                            class=\"object-contain max-h-[100px] w-full transform transition-transform duration-500 ease-out group-hover:scale-105\" \/>\n  \n                    <\/div>\n\n                                            <h3 class=\"font-sans text-secondary text-lg sm:text-xl xl:text-2xl text-center\">\n                            <div class=\"text-center font-louis text-eg-blue text-lg lg:text-xl xl:text-2xl uppercase\">\n<p>Le local prend tout son sens<\/p>\n<\/div>\n\n                        <\/h3>\n                    \n                                            <div class=\"font-sans text-xs md:text-sm 2xl:text-base text-center font-light text-foreground\">\n                            <div class=\"text-center font-light font-sans text-foreground text-sm lg:text-base\">\n<p>Bienvenue chez Greet ! Des h\u00f4tels ancr\u00e9s localement, recentr\u00e9s sur ce qui compte vraiment.<\/p>\n<\/div>\n\n                        <\/div>\n                    \n                    <div class=\"flex flex-wrap gap-4 align-center justify-start mt-auto\">\n                                            <\/div>\n                <\/div>\n            <\/div>\n                    <div class=\"swiper-slide h-full flex items-center justify-center\">\n                <div class=\"flex flex-col items-center justify-center gap-5 group\">\n\n                    <div class=\"max-h-[120px] w-full relative overflow-hidden\">\n                        <img decoding=\"async\" src=\"https:\/\/engage-mh.com\/wp-content\/uploads\/2025\/08\/Capa_1.svg\" alt=\"DoubleTree by Hilton\" \n                            class=\"object-contain max-h-[100px] w-full transform transition-transform duration-500 ease-out group-hover:scale-105\" \/>\n  \n                    <\/div>\n\n                                            <h3 class=\"font-sans text-secondary text-lg sm:text-xl xl:text-2xl text-center\">\n                            <div class=\"text-center font-louis text-eg-blue text-lg lg:text-xl xl:text-2xl uppercase\">The little things<\/div>\n<div class=\"text-center font-louis text-eg-blue text-lg lg:text-xl xl:text-2xl uppercase\">mean everything<\/div>\n\n                        <\/h3>\n                    \n                                            <div class=\"font-sans text-xs md:text-sm 2xl:text-base text-center font-light text-foreground\">\n                            <div class=\"text-center font-light font-sans text-foreground text-sm lg:text-base\">\n<p>Une exp\u00e9rience h\u00f4teli\u00e8re confortable, chaleureuse et de haute qualit\u00e9, principalement destin\u00e9e aux voyageurs d\u2019affaires et de loisirs, avec une attention particuli\u00e8re au service attentionn\u00e9 et \u00e0 l\u2019hospitalit\u00e9 soign\u00e9e.<\/p>\n<\/div>\n\n                        <\/div>\n                    \n                    <div class=\"flex flex-wrap gap-4 align-center justify-start mt-auto\">\n                                            <\/div>\n                <\/div>\n            <\/div>\n                    <div class=\"swiper-slide h-full flex items-center justify-center\">\n                <div class=\"flex flex-col items-center justify-center gap-5 group\">\n\n                    <div class=\"max-h-[120px] w-full relative overflow-hidden\">\n                        <img decoding=\"async\" src=\"https:\/\/engage-mh.com\/wp-content\/uploads\/2025\/08\/Screenshot-2025-08-08-at-13.02.46-2.svg\" alt=\"Logo \u00fcnico restaurante\" \n                            class=\"object-contain max-h-[100px] w-full transform transition-transform duration-500 ease-out group-hover:scale-105\" \/>\n  \n                    <\/div>\n\n                                            <h3 class=\"font-sans text-secondary text-lg sm:text-xl xl:text-2xl text-center\">\n                            <div class=\"text-center font-louis text-eg-blue text-lg lg:text-xl xl:text-2xl uppercase\">\n<p>H\u00fcnico pour tous<\/p>\n<\/div>\n\n                        <\/h3>\n                    \n                                            <div class=\"font-sans text-xs md:text-sm 2xl:text-base text-center font-light text-foreground\">\n                            <div class=\"text-center font-light font-sans text-foreground text-sm lg:text-base\">Sinc\u00e9rit\u00e9 gastronomique.<br \/>\nCuisine de produits d\u2019origine galicienne.<\/div>\n\n                        <\/div>\n                    \n                    <div class=\"flex flex-wrap gap-4 align-center justify-start mt-auto\">\n                                            <\/div>\n                <\/div>\n            <\/div>\n            <\/div>\n<\/div>\n\n<button class=\"swiper-imagenes-logo-next cursor-pointer\">\n    <svg xmlns=\"http:\/\/www.w3.org\/2000\/svg\" fill=\"none\" viewBox=\"0 0 24 24\" stroke-width=\"1.5\"\n        stroke=\"currentColor\" class=\"size-8 stroke-primary\">\n        <path stroke-linecap=\"round\" stroke-linejoin=\"round\" d=\"m8.25 4.5 7.5 7.5-7.5 7.5\" \/>\n    <\/svg>\n<\/button>\n    <\/div>\n\n\n<\/section>\n<style>\n  @media (min-width: 640px) {\n  .swiper-mini-logo .swiper-wrapper {\n  justify-content: center !important;\n}\n\n\n.swiper-mini-logo .swiper-slide {\n  margin-right: 50px !important; \n}\n}\n\t\n#ci {\n  scroll-margin-top: 12vh; \/* o 100px, seg\u00fan tu dise\u00f1o *\/\n}\n<\/style>\n\n<section class=\"container mx-auto pt-10 lg:pt-20 2xl:px-0 px-5 sm:px-10 overflow-hidden flex flex-col items-center justify-center gap-5 font-sans fadeIn\">\n  \n  \n  \n  \n           <a href=\"\/fr\/proprietes\/\" target=\"\" class=\"bg-primary hover:bg-secondary py-2 px-6 text-white font-louis  !no-underline flex flex-row items-center gap-2 boton-tlf hover:-translate-y-1 transition-all duration-300 ease-in-out\">\n\n          <span class=\"text-sm uppercase\">D\u00e9couvrez nos propri\u00e9t\u00e9s<\/span>\n      <\/a>\n      <\/section>","protected":false},"excerpt":{"rendered":"","protected":false},"author":1,"featured_media":0,"parent":0,"menu_order":0,"comment_status":"closed","ping_status":"closed","template":"","meta":{"_acf_changed":false,"inline_featured_image":false,"footnotes":""},"class_list":["post-1126","page","type-page","status-publish","hentry"],"acf":[],"_links":{"self":[{"href":"https:\/\/engage-mh.com\/fr\/wp-json\/wp\/v2\/pages\/1126","targetHints":{"allow":["GET"]}}],"collection":[{"href":"https:\/\/engage-mh.com\/fr\/wp-json\/wp\/v2\/pages"}],"about":[{"href":"https:\/\/engage-mh.com\/fr\/wp-json\/wp\/v2\/types\/page"}],"author":[{"embeddable":true,"href":"https:\/\/engage-mh.com\/fr\/wp-json\/wp\/v2\/users\/1"}],"replies":[{"embeddable":true,"href":"https:\/\/engage-mh.com\/fr\/wp-json\/wp\/v2\/comments?post=1126"}],"version-history":[{"count":5,"href":"https:\/\/engage-mh.com\/fr\/wp-json\/wp\/v2\/pages\/1126\/revisions"}],"predecessor-version":[{"id":1214,"href":"https:\/\/engage-mh.com\/fr\/wp-json\/wp\/v2\/pages\/1126\/revisions\/1214"}],"wp:attachment":[{"href":"https:\/\/engage-mh.com\/fr\/wp-json\/wp\/v2\/media?parent=1126"}],"curies":[{"name":"wp","href":"https:\/\/api.w.org\/{rel}","templated":true}]}}